{"id":7514,"date":"2022-02-02T09:00:18","date_gmt":"2022-02-02T09:00:18","guid":{"rendered":"https:\/\/01.hedwig-dohm-os.de\/?page_id=7514"},"modified":"2022-03-31T13:58:56","modified_gmt":"2022-03-31T13:58:56","slug":"konfliktlotsen","status":"publish","type":"page","link":"https:\/\/hedwig-dohm-os.de\/01\/schuelerinnen\/schulprojekte\/konfliktlotsen\/","title":{"rendered":"Konfliktlotsen"},"content":{"rendered":"\n<div class=\"wp-block-advgb-columns advgb-columns-wrapper\" id=\"advgb-cols-c5fe7888-5396-4925-9f4f-e5f2536743e5\"><div class=\"advgb-columns-container\"><div class=\"advgb-columns advgb-columns-row advgb-is-mobile advgb-columns-2 layout-12-12 mbl-layout-stacked gutter-20 vgutter-10\">\n<div class=\"wp-block-advgb-column advgb-column advgb-is-half-tablet advgb-is-full-mobile\" id=\"advgb-col-b4edf330-859a-41e6-bb81-25a3667f00a5\"><div class=\"advgb-column-inner\" style=\"border-style:none;border-width:1px\">\n<div class=\"wp-block-advgb-infobox advgb-infobox-wrapper has-text-align-left info-kontaktbox-widget-block advgb-infobox-a46b12c4-37b6-483a-a15b-e5a6e27500c5\"><div class=\"advgb-infobox-wrap\"><div class=\"advgb-infobox-icon-container\"><div class=\"advgb-infobox-icon-inner-container\"><i class=\"material-icons-outlined\">blur_on<\/i><\/div><\/div><div class=\"advgb-infobox-textcontent\"><h3 class=\"advgb-infobox-title\">Ansprechpersonen<\/h3><p class=\"advgb-infobox-text\">Fr. Rie\u00adger (Leh\u00adre\u00adrin)<br>Fr. K\u00fcnst\u00adner (Schul\u00adso\u00adzi\u00adal\u00adar\u00adbei\u00adte\u00adrin)<\/p><\/div><\/div><\/div>\n\n\n\n<div style=\"height:100px\" aria-hidden=\"true\" class=\"wp-block-spacer\"><\/div>\n\n\n\n<div class=\"wp-block-image\"><figure class=\"aligncenter size-full is-resized\"><img loading=\"lazy\" decoding=\"async\" src=\"https:\/\/hedwig-dohm-os.de\/wp-content\/uploads\/2019\/02\/IMG_3358.jpg\" alt=\"Konfliktlotsenfahrt\" class=\"wp-image-1289\" width=\"400\" height=\"300\" srcset=\"https:\/\/hedwig-dohm-os.de\/wp-content\/uploads\/2019\/02\/IMG_3358.jpg 800w, https:\/\/hedwig-dohm-os.de\/wp-content\/uploads\/2019\/02\/IMG_3358-300x225.jpg 300w, https:\/\/hedwig-dohm-os.de\/wp-content\/uploads\/2019\/02\/IMG_3358-768x576.jpg 768w\" sizes=\"auto, (max-width: 400px) 100vw, 400px\"><figcaption>Kon\u00adflikt\u00adlot\u00adsen\u00adfahrt nach W\u00fcnsdorf<\/figcaption><\/figure><\/div>\n<\/div><\/div>\n\n\n\n<div class=\"wp-block-advgb-column advgb-column advgb-is-half-tablet advgb-is-full-mobile\" id=\"advgb-col-56f35612-e5bb-4b8b-b955-9b0c5ccb8807\"><div class=\"advgb-column-inner\" style=\"border-style:none;border-width:1px\">\n<h3 class=\"wp-block-heading\" id=\"aufgaben-der-konfliktlotsen\">Aufgaben der Konfliktlotsen<\/h3>\n\n\n\n<p>Kon\u00adflik\u00adte gibt es immer wie\u00adder im Leben. Es geht nicht dar\u00adum, zu ver\u00admei\u00adden und ver\u00adleug\u00adnen, es geht dar\u00adum, zu ler\u00adnen, wie Kon\u00adflik\u00adte kon\u00adstruk\u00adtiv bear\u00adbei\u00adtet und auch gel\u00f6st wer\u00adden k\u00f6nnen.<\/p>\n\n\n\n<p>In die\u00adsem Sin\u00adne tra\u00adgen die&nbsp;<strong>Kon\u00adflikt\u00adlot\u00adsen<\/strong>&nbsp;nicht nur zu einem fried\u00adli\u00adchen Schul\u00adall\u00adtag bei, son\u00addern die Sch\u00fc\u00adle\u00adrin\u00adnen und Sch\u00fc\u00adler ler\u00adnen auch eine gan\u00adze Men\u00adge f\u00fcr ihr wei\u00adte\u00adres&nbsp;Leben.<\/p>\n\n\n\n<p>In der&nbsp;<strong>8. Klas\u00adse<\/strong>&nbsp;k\u00f6n\u00adnen sich die Sch\u00fc\u00adle\u00adrin\u00adnen und Sch\u00fc\u00adler f\u00fcr die Aus\u00adbil\u00addung zur Konfliktlotsin\/ zum Kon\u00adflikt\u00adlot\u00adsen bewerben.<\/p>\n\n\n\n<h2 class=\"wp-block-heading\" id=\"ausbildung\">Ausbildung <\/h2>\n\n\n\n<p>F\u00fcnf Tage dau\u00adert die Aus\u00adbil\u00addung und endet mit einer Pr\u00fc\u00adfung (schrift\u00adlich und praktisch).<\/p>\n\n\n\n<p>Es hat sich bew\u00e4hrt, dass ein Teil der Aus\u00adbil\u00addung an einem ande\u00adren Ort mit \u00dcber\u00adnach\u00adtungs\u00adm\u00f6g\u00adlich\u00adkeit statt\u00adfin\u00addet, so dass die Grup\u00adpe auch schnell zusammenw\u00e4chst.<\/p>\n\n\n\n<p>In&nbsp;<strong>Klas\u00adse 9&nbsp;und 10<\/strong>&nbsp;wer\u00adden die Kon\u00adflikt\u00adlo\u00adsen ein\u00adge\u00adsetzt, d.h.<\/p>\n\n\n\n<ul class=\"wp-block-list\"><li>sie wer\u00adden zur Schlich\u00adtung von Kon\u00adflik\u00adten ange\u00adspro\u00adchen von Leh\u00adrern, Schul\u00adso\u00adzi\u00adal\u00adar\u00adbei\u00adtern oder sie spre\u00adchen die SuS selbst an oder wer\u00adden von die\u00adsen angesprochen<\/li><li>sie unter\u00adst\u00fct\u00adzen Elternsprechabende<\/li><\/ul>\n\n\n\n<p>Die aus\u00adge\u00adbil\u00adde\u00adten Kon\u00adflikt\u00adlot\u00adsen tref\u00adfen sich regel\u00adm\u00e4\u00ad\u00dfig zum Aus\u00adtausch und zur Bespre\u00adchung von Kon\u00adflikt\u00adf\u00e4l\u00adlen an der Schule.<\/p>\n\n\n\n<p>Au\u00dfer\u00addem wird ein\u00admal im Jahr eine 2\u20133 t\u00e4gi\u00adge Fahrt zur Grup\u00adpen\u00adfin\u00addung und Wei\u00adter\u00adbil\u00addung durchgef\u00fchrt.<\/p>\n<\/div><\/div>\n<\/div><\/div><\/div>\n\n\n\n<div style=\"height:100px\" aria-hidden=\"true\" class=\"wp-block-spacer\"><\/div>\n<style class=\"advgb-styles-renderer\">#advgb-infobox-a46b12c4-37b6-483a-a15b-e5a6e27500c5, .advgb-infobox-a46b12c4-37b6-483a-a15b-e5a6e27500c5 {background-color: #8ed1fc;padding: 20px 20px 20px 20px;border: 0px solid #e8e8e8 ;border-radius: 0px;}#advgb-infobox-a46b12c4-37b6-483a-a15b-e5a6e27500c5 .advgb-infobox-icon-container, .advgb-infobox-a46b12c4-37b6-483a-a15b-e5a6e27500c5 .advgb-infobox-icon-container {background-color: #8ed1fc;padding: 0;margin: 0;border: 0px solid #e8e8e8 ;border-radius: 0px;}#advgb-infobox-a46b12c4-37b6-483a-a15b-e5a6e27500c5 .advgb-infobox-icon-container i, .advgb-infobox-a46b12c4-37b6-483a-a15b-e5a6e27500c5 .advgb-infobox-icon-container i {color: #ffffff;font-size: 50px;display: block;}#advgb-infobox-a46b12c4-37b6-483a-a15b-e5a6e27500c5 .advgb-infobox-textcontent .advgb-infobox-title, .advgb-infobox-a46b12c4-37b6-483a-a15b-e5a6e27500c5 .advgb-infobox-textcontent .advgb-infobox-title {color: #0693e3;padding: 0;margin: 5px 0 10px 0;white-space: pre-wrap;}#advgb-infobox-a46b12c4-37b6-483a-a15b-e5a6e27500c5 .advgb-infobox-textcontent .advgb-infobox-text, .advgb-infobox-a46b12c4-37b6-483a-a15b-e5a6e27500c5 .advgb-infobox-textcontent .advgb-infobox-text {color: #0693e3;padding: 0;margin: 0;white-space: pre-wrap;}#advgb-col-b4edf330-859a-41e6-bb81-25a3667f00a5>.advgb-column-inner{}@media screen and (max-width: 1023px) {#advgb-col-b4edf330-859a-41e6-bb81-25a3667f00a5>.advgb-column-inner{}}@media screen and (max-width: 767px) {#advgb-col-b4edf330-859a-41e6-bb81-25a3667f00a5>.advgb-column-inner{}}#advgb-infobox-a46b12c4-37b6-483a-a15b-e5a6e27500c5, .advgb-infobox-a46b12c4-37b6-483a-a15b-e5a6e27500c5 {background-color: #8ed1fc;padding: 20px 20px 20px 20px;border: 0px solid #e8e8e8 ;border-radius: 0px;}#advgb-infobox-a46b12c4-37b6-483a-a15b-e5a6e27500c5 .advgb-infobox-icon-container, .advgb-infobox-a46b12c4-37b6-483a-a15b-e5a6e27500c5 .advgb-infobox-icon-container {background-color: #8ed1fc;padding: 0;margin: 0;border: 0px solid #e8e8e8 ;border-radius: 0px;}#advgb-infobox-a46b12c4-37b6-483a-a15b-e5a6e27500c5 .advgb-infobox-icon-container i, .advgb-infobox-a46b12c4-37b6-483a-a15b-e5a6e27500c5 .advgb-infobox-icon-container i {color: #ffffff;font-size: 50px;display: block;}#advgb-infobox-a46b12c4-37b6-483a-a15b-e5a6e27500c5 .advgb-infobox-textcontent .advgb-infobox-title, .advgb-infobox-a46b12c4-37b6-483a-a15b-e5a6e27500c5 .advgb-infobox-textcontent .advgb-infobox-title {color: #0693e3;padding: 0;margin: 5px 0 10px 0;white-space: pre-wrap;}#advgb-infobox-a46b12c4-37b6-483a-a15b-e5a6e27500c5 .advgb-infobox-textcontent .advgb-infobox-text, .advgb-infobox-a46b12c4-37b6-483a-a15b-e5a6e27500c5 .advgb-infobox-textcontent .advgb-infobox-text {color: #0693e3;padding: 0;margin: 0;white-space: pre-wrap;}#advgb-col-56f35612-e5bb-4b8b-b955-9b0c5ccb8807>.advgb-column-inner{}@media screen and (max-width: 1023px) {#advgb-col-56f35612-e5bb-4b8b-b955-9b0c5ccb8807>.advgb-column-inner{}}@media screen and (max-width: 767px) {#advgb-col-56f35612-e5bb-4b8b-b955-9b0c5ccb8807>.advgb-column-inner{}}#advgb-cols-c5fe7888-5396-4925-9f4f-e5f2536743e5{}@media screen and (max-width: 1023px) {#advgb-cols-c5fe7888-5396-4925-9f4f-e5f2536743e5{}}@media screen and (max-width: 767px) {#advgb-cols-c5fe7888-5396-4925-9f4f-e5f2536743e5{}}#advgb-col-b4edf330-859a-41e6-bb81-25a3667f00a5>.advgb-column-inner{}@media screen and (max-width: 1023px) {#advgb-col-b4edf330-859a-41e6-bb81-25a3667f00a5>.advgb-column-inner{}}@media screen and (max-width: 767px) {#advgb-col-b4edf330-859a-41e6-bb81-25a3667f00a5>.advgb-column-inner{}}#advgb-infobox-a46b12c4-37b6-483a-a15b-e5a6e27500c5, .advgb-infobox-a46b12c4-37b6-483a-a15b-e5a6e27500c5 {background-color: #8ed1fc;padding: 20px 20px 20px 20px;border: 0px solid #e8e8e8 ;border-radius: 0px;}#advgb-infobox-a46b12c4-37b6-483a-a15b-e5a6e27500c5 .advgb-infobox-icon-container, .advgb-infobox-a46b12c4-37b6-483a-a15b-e5a6e27500c5 .advgb-infobox-icon-container {background-color: #8ed1fc;padding: 0;margin: 0;border: 0px solid #e8e8e8 ;border-radius: 0px;}#advgb-infobox-a46b12c4-37b6-483a-a15b-e5a6e27500c5 .advgb-infobox-icon-container i, .advgb-infobox-a46b12c4-37b6-483a-a15b-e5a6e27500c5 .advgb-infobox-icon-container i {color: #ffffff;font-size: 50px;display: block;}#advgb-infobox-a46b12c4-37b6-483a-a15b-e5a6e27500c5 .advgb-infobox-textcontent .advgb-infobox-title, .advgb-infobox-a46b12c4-37b6-483a-a15b-e5a6e27500c5 .advgb-infobox-textcontent .advgb-infobox-title {color: #0693e3;padding: 0;margin: 5px 0 10px 0;white-space: pre-wrap;}#advgb-infobox-a46b12c4-37b6-483a-a15b-e5a6e27500c5 .advgb-infobox-textcontent .advgb-infobox-text, .advgb-infobox-a46b12c4-37b6-483a-a15b-e5a6e27500c5 .advgb-infobox-textcontent .advgb-infobox-text {color: #0693e3;padding: 0;margin: 0;white-space: pre-wrap;}#advgb-col-56f35612-e5bb-4b8b-b955-9b0c5ccb8807>.advgb-column-inner{}@media screen and (max-width: 1023px) {#advgb-col-56f35612-e5bb-4b8b-b955-9b0c5ccb8807>.advgb-column-inner{}}@media screen and (max-width: 767px) {#advgb-col-56f35612-e5bb-4b8b-b955-9b0c5ccb8807>.advgb-column-inner{}}<\/style>","protected":false},"excerpt":{"rendered":"","protected":false},"author":1,"featured_media":0,"parent":7448,"menu_order":0,"comment_status":"closed","ping_status":"closed","template":"","meta":{"inline_featured_image":false,"wp_typography_post_enhancements_disabled":false,"advgb_blocks_editor_width":"","advgb_blocks_columns_visual_guide":"","footnotes":""},"class_list":["post-7514","page","type-page","status-publish","hentry"],"coauthors":[],"author_meta":{"author_link":"https:\/\/hedwig-dohm-os.de\/01\/author\/angelimudra\/","display_name":"admin"},"relative_dates":{"created":"Ver\u00f6ffentlicht 4\u00a0Jahren vor","modified":"Aktualisiert 4\u00a0Jahren vor"},"absolute_dates":{"created":"Ver\u00f6ffentlicht am 2. Februar 2022","modified":"Aktualisiert am 31. M\u00e4rz 2022"},"absolute_dates_time":{"created":"Ver\u00f6ffentlicht am 2. Februar 2022 9:00","modified":"Aktualisiert am 31. M\u00e4rz 2022 13:58"},"featured_img_caption":"","featured_img":false,"series_order":"","_links":{"self":[{"href":"https:\/\/hedwig-dohm-os.de\/01\/wp-json\/wp\/v2\/pages\/7514","targetHints":{"allow":["GET"]}}],"collection":[{"href":"https:\/\/hedwig-dohm-os.de\/01\/wp-json\/wp\/v2\/pages"}],"about":[{"href":"https:\/\/hedwig-dohm-os.de\/01\/wp-json\/wp\/v2\/types\/page"}],"author":[{"embeddable":true,"href":"https:\/\/hedwig-dohm-os.de\/01\/wp-json\/wp\/v2\/users\/1"}],"replies":[{"embeddable":true,"href":"https:\/\/hedwig-dohm-os.de\/01\/wp-json\/wp\/v2\/comments?post=7514"}],"version-history":[{"count":0,"href":"https:\/\/hedwig-dohm-os.de\/01\/wp-json\/wp\/v2\/pages\/7514\/revisions"}],"up":[{"embeddable":true,"href":"https:\/\/hedwig-dohm-os.de\/01\/wp-json\/wp\/v2\/pages\/7448"}],"wp:attachment":[{"href":"https:\/\/hedwig-dohm-os.de\/01\/wp-json\/wp\/v2\/media?parent=7514"}],"curies":[{"name":"wp","href":"https:\/\/api.w.org\/{rel}","templated":true}]}}