{"id":7188,"date":"2022-01-26T08:15:59","date_gmt":"2022-01-26T08:15:59","guid":{"rendered":"https:\/\/01.hedwig-dohm-os.de\/?page_id=7188"},"modified":"2022-08-14T10:31:10","modified_gmt":"2022-08-14T10:31:10","slug":"corona-news","status":"publish","type":"page","link":"https:\/\/hedwig-dohm-os.de\/01\/aktuelles\/corona-news\/","title":{"rendered":"Corona News"},"content":{"rendered":"\n<p><\/p>\n\n\n\n<div class=\"wp-block-stackable-card alignleft is-style-default stk-block-card stk-block stk-6d6b6c6\" data-block-id=\"6d6b6c6\"><div class=\"stk--no-padding stk-container stk-6d6b6c6-container stk--no-background stk--no-padding\"><div class=\"stk-block-card__content\"><div class=\"stk-block-content stk-inner-blocks\">\n<div class=\"wp-block-stackable-heading stk-block-heading stk-block stk-0438b5d\" id=\"offizielle-schreiben-verordnungen-und-hygieneplane-der-senatsverwaltung\" data-block-id=\"0438b5d\"><h2 class=\"stk-block-heading__text\">offizielle Schreiben, Verordnungen und Hygienepl\u00e4ne der Senatsverwaltung<\/h2><\/div>\n\n\n\n<div class=\"wp-block-stackable-subtitle stk-block-subtitle stk-block stk-3f4ddf7\" data-block-id=\"3f4ddf7\"><p class=\"stk-block-subtitle__text stk-subtitle\">Im Ver\u00adlauf der Pan\u00adde\u00admie kom\u00admen st\u00e4n\u00addig aktua\u00adli\u00adsier\u00adte Ver\u00adord\u00adnun\u00adgen und offi\u00adzi\u00adel\u00adle Schrei\u00adben der Senats\u00adver\u00adwal\u00adtung her\u00adaus. Aktu\u00adel\u00adle und aus\u00adf\u00fchr\u00adli\u00adche Infor\u00adma\u00adtio\u00adnen zur Ein\u00add\u00e4m\u00admung der Pan\u00adde\u00admie an der Hed\u00adwig Dohm Oberschule<\/p><\/div>\n<\/div><\/div><\/div><\/div>\n\n\n<div class=\"pt-cv-wrapper\"><div class=\"pt-cv-view pt-cv-grid pt-cv-colsys\" id=\"pt-cv-view-adb3ab5bd4\"><div data-id=\"pt-cv-page-1\" class=\"pt-cv-page\" data-cvc=\"1\"><div class=\"col-md-12 col-sm-12 col-xs-12 pt-cv-content-item pt-cv-1-col\"><div class=\"pt-cv-ifield\"><h4 class=\"pt-cv-title\"><a href=\"https:\/\/hedwig-dohm-os.de\/01\/aufhebung-der-corona-hygienemassnahmen\/\" class=\"_self\" target=\"_self\">Aufhebung der Hygienema\u00dfnahmen bezogen auf das Coronavirus zum 13.02.2023<\/a><\/h4>\n<div class=\"pt-cv-content\">\n<div style=\"height:20px\" aria-hidden=\"true\" class=\"wp-block-spacer\"><\/div>\n\n\n\n<div class=\"wp-block-group alignfull air-force-blue-message has-black-color has-text-color advgb-dyn-270cbc72\"><div class=\"wp-block-group__inner-container is-layout-flow wp-block-group-is-layout-flow\">\n<div class=\"wp-block-columns alignwide is-layout-flex wp-container-core-columns-is-layout-9d6595d7 wp-block-columns-is-layout-flex\">\n<div class=\"wp-block-column is-layout-flow wp-block-column-is-layout-flow\">\n<div style=\"height:25px\" aria-hidden=\"true\" class=\"wp-block-spacer\"><\/div>\n\n\n\n<h3 class=\"wp-block-heading\">Sehr geehrte Eltern und Erziehungsberechtigte,<br><\/h3>\n\n\n\n<p>der Ber\u00adli\u00adner Senat hat in sei\u00adner gest\u00adri\u00adgen Sit\u00adzung beschlos\u00adsen, dass die 2. BaSchMV, in der die Schutz-<br>und Hygie\u00adne\u00adma\u00df\u00adnah\u00admen bezo\u00adgen auf das Coro\u00adna\u00advi\u00adrus ent\u00adhal\u00adten sind, mit Ablauf des 12. Febru\u00adar<br>2023 au\u00dfer Kraft tritt. Auf\u00adgrund des der\u00adzei\u00adti\u00adgen Infek\u00adti\u00adons\u00adge\u00adsche\u00adhens, der gerin\u00adge\u00adren<br>Krank\u00adheits\u00adschwe\u00adre der aktu\u00adell domi\u00adnie\u00adren\u00adden Virus\u00adva\u00adri\u00adan\u00adten sowie der guten Basis\u00adim\u00admu\u00adni\u00adt\u00e4t in der<br>Bev\u00f6l\u00adke\u00adrung, wer\u00adden die Schutz\u00adma\u00df\u00adnah\u00admen nun zuneh\u00admend in die Eigen\u00adver\u00adant\u00adwor\u00adtung der<br>Bev\u00f6l\u00adke\u00adrung gelegt.<\/p>\n\n\n\n<p>Dies bedeu\u00adtet ins\u00adbe\u00adson\u00adde\u00adre, dass ab dem 13. Febru\u00adar 2023<br>- kei\u00adne Iso\u00adla\u00adti\u00adons\u00adpflicht bei einer Infek\u00adti\u00adon mit dem Coro\u00adna\u00advi\u00adrus mehr besteht sowie<br>- kei\u00adne Test\u00adpflicht an den Schu\u00adlen mehr ange\u00adord\u00adnet wer\u00adden k\u00f6nnte.<\/p>\n\n\n\n<p>Sch\u00fc\u00adle\u00adrin\u00adnen und Sch\u00fc\u00adler sowie das schu\u00adli\u00adsche Per\u00adso\u00adnal k\u00f6n\u00adnen sich wie bis\u00adher wei\u00adter\u00adhin frei\u00adwil\u00adlig testen.<\/p>\n\n\n\n<p>Wir m\u00f6ch\u00adten Sie zudem klar\u00adstel\u00adlend dar\u00adauf auf\u00admerk\u00adsam machen, dass weder Sch\u00fc\u00adle\u00adrin\u00adnen und<br>Sch\u00fc\u00adler noch Per\u00adso\u00adnen des schu\u00adli\u00adschen Per\u00adso\u00adnals, die Sym\u00adpto\u00adme einer Infek\u00adti\u00adon auf\u00adwei\u00adsen, zu einer<br>Tes\u00adtung oder\/und zum Tra\u00adgen einer Mas\u00adke ver\u00adpflich\u00adtet wer\u00adden k\u00f6n\u00adnen. Auch eine Iso\u00adla\u00adti\u00adons\u00adpflicht f\u00fcr<br>Sch\u00fc\u00adle\u00adrin\u00adnen und Sch\u00fc\u00adler sowie schu\u00adli\u00adsches Per\u00adso\u00adnal darf sei\u00adtens der Schu\u00adlen nicht, weder durch die<br>Schul\u00adlei\u00adtung noch durch schu\u00adli\u00adsche Gre\u00admi\u00aden, ange\u00adord\u00adnet wer\u00adden.<br>Es wird jedoch wei\u00adter\u00adhin drin\u00adgend dar\u00adum gebe\u00adten, dass Sch\u00fc\u00adle\u00adrin\u00adnen und Sch\u00fc\u00adler sowie Per\u00adso\u00adnen des<br>schu\u00adli\u00adschen Per\u00adso\u00adnals, die Krank\u00adheits\u00adsym\u00adpto\u00adme haben, nicht in die Schu\u00adle kommen.<\/p>\n<\/div>\n<\/div>\n\n\n\n<p><\/p>\n<\/div><\/div>\n<\/div>\n<div class=\"pt-cv-meta-fields\"><span class=\"entry-date\"> <time datetime=\"2023-02-13T09:31:48+00:00\">13. Febru\u00adar&nbsp;2023<\/time><\/span><\/div><\/div><\/div>\n<div class=\"col-md-12 col-sm-12 col-xs-12 pt-cv-content-item pt-cv-1-col\"><div class=\"pt-cv-ifield\"><h4 class=\"pt-cv-title\"><a href=\"https:\/\/hedwig-dohm-os.de\/01\/corona-news-zum-schuljahresanfang-22-23\/\" class=\"_self\" target=\"_self\">Freiwillige Testung ab 22.08.22 zweimal pro&nbsp;Woche<\/a><\/h4>\n<div class=\"pt-cv-content\">\n<div style=\"height:20px\" aria-hidden=\"true\" class=\"wp-block-spacer\"><\/div>\n\n\n\n<div class=\"wp-block-group alignfull air-force-blue-message has-black-color has-text-color\"><div class=\"wp-block-group__inner-container is-layout-flow wp-block-group-is-layout-flow\">\n<div class=\"wp-block-columns alignwide is-layout-flex wp-container-core-columns-is-layout-9d6595d7 wp-block-columns-is-layout-flex\">\n<div class=\"wp-block-column is-layout-flow wp-block-column-is-layout-flow\">\n<div style=\"height:25px\" aria-hidden=\"true\" class=\"wp-block-spacer\"><\/div>\n\n\n\n<div style=\"height:5px\" aria-hidden=\"true\" class=\"wp-block-spacer\"><\/div>\n\n\n\n<p>Lie\u00adbe Eltern,<\/p>\n\n\n\n<p>Sehr geehr\u00adte Eltern und Erzie\u00adhungs\u00adbe\u00adrech\u00adtig\u00adte,<br>auf\u00adgrund der Rege\u00adlun\u00adgen der Senats\u00adver\u00adwal\u00adtung zur Test\u00adpflicht an Schu\u00adlen, bleibt die ver\u00adpflich\u00adten\u00adde,<br>anlass\u00adlo\u00adse Test\u00adpflicht wei\u00adter\u00adhin aus\u00adge\u00adsetzt. Es besteht jedoch wei\u00adter\u00adhin das Ange\u00adbot von<br>kos\u00adten\u00adlo\u00adsen frei\u00adwil\u00adli\u00adgen Tes\u00adtun\u00adgen an zwei Tagen in der Woche.<br>An unse\u00adrer Schu\u00adle fin\u00adden frei\u00adwil\u00adli\u00adge Tes\u00adtun\u00adgen am Mon\u00adtag und Mitt\u00adwoch statt. Auf Wunsch geben wir<br>einen wei\u00adte\u00adren Test f\u00fcr Sonn\u00adtag\u00adabend oder Mon\u00adtag\u00admor\u00adgen mit nach&nbsp;Hause.<\/p>\n\n\n\n<p> <\/p>\n<\/div>\n<\/div>\n\n\n\n<p><\/p>\n<\/div><\/div>\n<\/div>\n<div class=\"pt-cv-meta-fields\"><span class=\"entry-date\"> <time datetime=\"2022-08-22T21:02:20+00:00\">22. August 2022<\/time><\/span><\/div><\/div><\/div>\n<div class=\"col-md-12 col-sm-12 col-xs-12 pt-cv-content-item pt-cv-1-col\"><div class=\"pt-cv-ifield\"><h4 class=\"pt-cv-title\"><a href=\"https:\/\/hedwig-dohm-os.de\/01\/schutz-und-hygienemassnahmen-an-schulen-gelten-unveraendert-bis-zum-31-maerz\/\" class=\"_self\" target=\"_self\">Schutz- und Hygienema\u00dfnahmen an Schulen gelten unver\u00e4ndert bis zum 31. M\u00e4rz&nbsp;2022<\/a><\/h4>\n<div class=\"pt-cv-content\">\n<div style=\"height:20px\" aria-hidden=\"true\" class=\"wp-block-spacer\"><\/div>\n\n\n\n<div class=\"wp-block-group alignfull air-force-blue-message has-black-color has-text-color\"><div class=\"wp-block-group__inner-container is-layout-flow wp-block-group-is-layout-flow\">\n<div class=\"wp-block-columns alignwide is-layout-flex wp-container-core-columns-is-layout-9d6595d7 wp-block-columns-is-layout-flex\">\n<div class=\"wp-block-column is-layout-flow wp-block-column-is-layout-flow\">\n<div style=\"height:25px\" aria-hidden=\"true\" class=\"wp-block-spacer\"><\/div>\n\n\n\n<div style=\"height:5px\" aria-hidden=\"true\" class=\"wp-block-spacer\"><\/div>\n\n\n\n<p>Lie\u00adbe Eltern,<\/p>\n\n\n\n<p>Die Senats\u00adver\u00adwal\u00adtung hat uns dar\u00ad\u00fcber infor\u00admiert, dass&nbsp;<\/p>\n\n\n\n<blockquote class=\"wp-block-quote has-text-align-left is-layout-flow wp-block-quote-is-layout-flow\" style=\"font-size:18px\"><p>nach der\u00adzei\u00adti\u00adgem Stand des Gesetz\u00adent\u00adwurfs zum Infek\u00adti\u00adons\u00adschutz\u00adge\u00adsetz den L\u00e4n\u00addern eine \u00dcber\u00adgangs\u00adfrist ein\u00adge\u00adr\u00e4umt (wird), in der die bis\u00adher g\u00fcl\u00adti\u00adgen Infek\u00adti\u00adons\u00adschutz\u00adma\u00df\u00adnah\u00admen wei\u00adter\u00adgel\u00adten. F\u00fcr Ber\u00adlin hei\u00dft das, dass die Gel\u00adtungs\u00addau\u00ader der lan\u00addes\u00adrecht\u00adli\u00adchen Ver\u00adord\u00adnun\u00adgen zum Infek\u00adti\u00adons\u00adschutz bis zum 31. M\u00e4rz 2022 ver\u00adl\u00e4n\u00adgert wer\u00adden darf. Wir beab\u00adsich\u00adti\u00adgen, die\u00adse M\u00f6g\u00adlich\u00adkeit auch f\u00fcr die Zwei\u00adte Schul-Hygiene-Covid-19-Verordnung zu nut\u00adzen. Basie\u00adrend auf der aktu\u00adel\u00adlen Fas\u00adsung des Gesetz\u00adent\u00adwurfs zum Infek\u00adti\u00adons\u00adschutz\u00adge\u00adsetz bedeu\u00adtet dies: Alle der\u00adzeit bestehen\u00adden Schutz- und Hygie\u00adne\u00adma\u00df\u00adnah\u00admen an Schu\u00adlen blei\u00adben bis zum 31. M\u00e4rz 2022 unver\u00ad\u00e4n\u00addert bestehen. Dies gilt folg\u00adlich auch f\u00fcr die Test- und die Mas\u00adken\u00adpflicht. Auch die Mus\u00adter\u00adhy\u00adgie\u00adne\u00adpl\u00e4\u00adne gel\u00adten bis zum 31. M\u00e4rz 2022 weiter.<\/p><cite>Schrei\u00adben Senats\u00adver\u00adwal\u00adtung f\u00fcr Bil\u00addung,<br>Jugend und Fami\u00adlie vom 16.03.22<\/cite><\/blockquote>\n\n\n\n<p>Wie es ab dem 1. April wei\u00adter geht, wird der\u00adzeit noch im Bun\u00addes\u00adtag verhandelt.&nbsp;<\/p>\n\n\n\n<p class=\"has-text-align-center\"><\/p>\n\n\n\n<p class=\"has-text-align-right\">Anke Uhl\u00admann<\/p>\n<\/div>\n<\/div>\n\n\n\n<p><\/p>\n<\/div><\/div>\n<\/div>\n<div class=\"pt-cv-meta-fields\"><span class=\"entry-date\"> <time datetime=\"2022-03-18T07:27:12+00:00\">18. M\u00e4rz&nbsp;2022<\/time><\/span><\/div><\/div><\/div>\n<div class=\"col-md-12 col-sm-12 col-xs-12 pt-cv-content-item pt-cv-1-col\"><div class=\"pt-cv-ifield\"><h4 class=\"pt-cv-title\"><a href=\"https:\/\/hedwig-dohm-os.de\/01\/rueckkerh-zur-praesenzpflicht-ab-dem-1-maerz-2022\/\" class=\"_self\" target=\"_self\">R\u00fcckkehr zur Pr\u00e4senzpflicht ab dem 1. M\u00e4rz&nbsp;2022<\/a><\/h4>\n<div class=\"pt-cv-content\">\n<div style=\"height:20px\" aria-hidden=\"true\" class=\"wp-block-spacer\"><\/div>\n\n\n\n<div class=\"wp-block-group alignfull air-force-blue-message has-black-color has-text-color\"><div class=\"wp-block-group__inner-container is-layout-flow wp-block-group-is-layout-flow\">\n<div class=\"wp-block-columns alignwide is-layout-flex wp-container-core-columns-is-layout-9d6595d7 wp-block-columns-is-layout-flex\">\n<div class=\"wp-block-column is-layout-flow wp-block-column-is-layout-flow\">\n<div style=\"height:25px\" aria-hidden=\"true\" class=\"wp-block-spacer\"><\/div>\n\n\n\n<div style=\"height:5px\" aria-hidden=\"true\" class=\"wp-block-spacer\"><\/div>\n\n\n\n<p>Lie\u00adbe Eltern,<\/p>\n\n\n\n<p><\/p>\n\n\n\n<p>der Senat hat beschlos\u00adsen, dass die Aus\u00adset\u00adzung der Pr\u00e4\u00adsenz\u00adpflicht bis zum 28.02.22 been\u00addet ist und ihre Kin\u00adder ab dem 1.03.22 wie\u00adder die Pflicht zur Anwe\u00adsen\u00adheit&nbsp;haben.<\/p>\n\n\n\n<p><\/p>\n\n\n\n<p>Nach der t\u00e4g\u00adli\u00adchen Tes\u00adtung \u00fcber eine Zeit\u00adraum von zwei Wochen tes\u00adten wir nun wie\u00adder wie bereits vor den Feri\u00aden unse\u00adre Sch\u00fc\u00adler und Sch\u00fc\u00adle\u00adrin\u00adnen drei Mal w\u00f6chent\u00adlich auf SarsCov<\/p>\n\n\n\n<p>Wei\u00adte\u00adre Corona-Informationen der Senats\u00adver\u00adwal\u00adtung zum The\u00adma fin\u00adden Sie auf der <a href=\"https:\/\/www.berlin.de\/sen\/bjf\/corona\/briefe-an-schulen\/\">Sei\u00adte der Senats\u00adver\u00adwal\u00adtung f\u00fcr Bil\u00addung, Jugend und Familie<\/a><\/p>\n\n\n\n<p>Herz\u00adli\u00adche&nbsp;Gr\u00fc\u00dfe<\/p>\n\n\n\n<p>Anke Uhl\u00admann<\/p>\n<\/div>\n<\/div>\n\n\n\n<p><\/p>\n<\/div><\/div>\n<\/div>\n<div class=\"pt-cv-meta-fields\"><span class=\"entry-date\"> <time datetime=\"2022-01-29T11:17:55+00:00\">29. Janu\u00adar&nbsp;2022<\/time><\/span><\/div><\/div><\/div>\n<div class=\"col-md-12 col-sm-12 col-xs-12 pt-cv-content-item pt-cv-1-col\"><div class=\"pt-cv-ifield\"><h4 class=\"pt-cv-title\"><a href=\"https:\/\/hedwig-dohm-os.de\/01\/preisverleihung-der-goldenen-hedwig-2021-2\/\" class=\"_self\" target=\"_self\">Aussetzung der Pr\u00e4senzpflicht bis Februar 2022<\/a><\/h4>\n<div class=\"pt-cv-content\">\n<div style=\"height:20px\" aria-hidden=\"true\" class=\"wp-block-spacer\"><\/div>\n\n\n\n<div class=\"wp-block-group alignfull air-force-blue-message has-black-color has-text-color\"><div class=\"wp-block-group__inner-container is-layout-flow wp-block-group-is-layout-flow\">\n<div class=\"wp-block-columns alignwide is-layout-flex wp-container-core-columns-is-layout-9d6595d7 wp-block-columns-is-layout-flex\">\n<div class=\"wp-block-column is-layout-flow wp-block-column-is-layout-flow\">\n<div style=\"height:25px\" aria-hidden=\"true\" class=\"wp-block-spacer\"><\/div>\n\n\n\n<div style=\"height:5px\" aria-hidden=\"true\" class=\"wp-block-spacer\"><\/div>\n\n\n\n<p>Lie\u00adbe Eltern,<\/p>\n\n\n\n<p><br>seit dem 25.1.2022 gilt auf\u00adgrund der Ent\u00adschei\u00addung der Senats\u00adver\u00adwal\u00adtung, dass die&nbsp;<strong>Pr\u00e4\u00adsenz\u00adpflicht an Schu\u00adlen tem\u00adpo\u00adr\u00e4r bis Ende Febru\u00adar 2022 aus\u00adge\u00adsetzt wird<\/strong>.&nbsp;<\/p>\n\n\n\n<p>Wenn Sie sich ent\u00adschei\u00adden soll\u00adten, ihre Kin\u00adder zu Hau\u00adse zu las\u00adsen,&nbsp;<strong>m\u00fcs\u00adsen Sie dies der Schu\u00adle und in die\u00adsem Fal\u00adle der Klas\u00adsen\u00adleh\u00adre\u00adrin oder dem Klas\u00adsen\u00adleh\u00adrer form\u00adlos mit\u00adtei\u00adlen<\/strong>.<\/p>\n\n\n\n<p>Lern\u00adauf\u00adga\u00adben wer\u00adden im Rah\u00admen der M\u00f6g\u00adlich\u00adkei\u00adten durch unse\u00adre Lehr\u00adkr\u00e4f\u00adte bereit\u00adge\u00adstellt. Die Erzie\u00adhungs\u00adbe\u00adrech\u00adtig\u00adten \u00fcber\u00adneh\u00admen dann die Ver\u00adant\u00adwor\u00adtung daf\u00fcr, dass die Lern\u00adauf\u00adtr\u00e4\u00adge von den Kin\u00addern bear\u00adbei\u00adtet und zur\u00fcck\u00adge\u00adge\u00adben werden.<\/p>\n\n\n\n<p>Vie\u00adlen&nbsp;Dank!<\/p>\n\n\n\n<p>Herz\u00adli\u00adche&nbsp;Gr\u00fc\u00dfe<\/p>\n\n\n\n<p>Anke Uhl\u00admann<\/p>\n<\/div>\n<\/div>\n\n\n\n<p><\/p>\n<\/div><\/div>\n<\/div>\n<div class=\"pt-cv-meta-fields\"><span class=\"entry-date\"> <time datetime=\"2022-01-26T08:03:18+00:00\">26. Janu\u00adar&nbsp;2022<\/time><\/span><\/div><\/div><\/div><\/div><\/div><\/div>\n\n\n\n<p><\/p>\n<style class=\"advgb-styles-renderer\">.stk-6d6b6c6{margin-bottom:100px !important}.stk-6d6b6c6 .stk-block-card__image img{object-fit:contain !important}<\/style>","protected":false},"excerpt":{"rendered":"<p>offi\u00adzi\u00adel\u00adle Schrei\u00adben, Ver\u00adord\u00adnun\u00adgen und Hygie\u00adne\u00adpl\u00e4\u00adne der Senats\u00adver\u00adwal\u00adtung Im Ver\u00adlauf der Pan\u00adde\u00admie kom\u00admen st\u00e4n\u00addig aktua\u00adli\u00adsier\u00adte Ver\u00adord\u00adnun\u00adgen und offi\u00adzi\u00adel\u00adle Schrei\u00adben der Senats\u00adver\u00adwal\u00adtung her\u00adaus. Aktu\u00adel\u00adle und aus\u00adf\u00fchr\u00adli\u00adche Infor\u00adma\u00adtio\u00adnen zur Ein\u00add\u00e4m\u00admung der Pan\u00adde\u00admie an der Hed\u00adwig Dohm Oberschule<\/p>\n","protected":false},"author":1,"featured_media":7440,"parent":23,"menu_order":0,"comment_status":"closed","ping_status":"closed","template":"","meta":{"inline_featured_image":false,"wp_typography_post_enhancements_disabled":false,"advgb_blocks_editor_width":"","advgb_blocks_columns_visual_guide":"","footnotes":""},"class_list":["post-7188","page","type-page","status-publish","has-post-thumbnail","hentry"],"coauthors":[],"author_meta":{"author_link":"https:\/\/hedwig-dohm-os.de\/01\/author\/angelimudra\/","display_name":"admin"},"relative_dates":{"created":"Ver\u00f6ffentlicht 4\u00a0Jahren vor","modified":"Aktualisiert 4\u00a0Jahren vor"},"absolute_dates":{"created":"Ver\u00f6ffentlicht am 26. Januar 2022","modified":"Aktualisiert am 14. August 2022"},"absolute_dates_time":{"created":"Ver\u00f6ffentlicht am 26. Januar 2022 8:15","modified":"Aktualisiert am 14. August 2022 10:31"},"featured_img_caption":"","featured_img":"https:\/\/hedwig-dohm-os.de\/wp-content\/uploads\/2022\/01\/maskengraffito300x300-1.jpg","series_order":"","_links":{"self":[{"href":"https:\/\/hedwig-dohm-os.de\/01\/wp-json\/wp\/v2\/pages\/7188","targetHints":{"allow":["GET"]}}],"collection":[{"href":"https:\/\/hedwig-dohm-os.de\/01\/wp-json\/wp\/v2\/pages"}],"about":[{"href":"https:\/\/hedwig-dohm-os.de\/01\/wp-json\/wp\/v2\/types\/page"}],"author":[{"embeddable":true,"href":"https:\/\/hedwig-dohm-os.de\/01\/wp-json\/wp\/v2\/users\/1"}],"replies":[{"embeddable":true,"href":"https:\/\/hedwig-dohm-os.de\/01\/wp-json\/wp\/v2\/comments?post=7188"}],"version-history":[{"count":0,"href":"https:\/\/hedwig-dohm-os.de\/01\/wp-json\/wp\/v2\/pages\/7188\/revisions"}],"up":[{"embeddable":true,"href":"https:\/\/hedwig-dohm-os.de\/01\/wp-json\/wp\/v2\/pages\/23"}],"wp:featuredmedia":[{"embeddable":true,"href":"https:\/\/hedwig-dohm-os.de\/01\/wp-json\/wp\/v2\/media\/7440"}],"wp:attachment":[{"href":"https:\/\/hedwig-dohm-os.de\/01\/wp-json\/wp\/v2\/media?parent=7188"}],"curies":[{"name":"wp","href":"https:\/\/api.w.org\/{rel}","templated":true}]}}