{"id":5815,"date":"2022-01-14T21:46:31","date_gmt":"2022-01-14T21:46:31","guid":{"rendered":"https:\/\/01.hedwig-dohm-os.de\/?page_id=5815"},"modified":"2022-03-31T13:48:42","modified_gmt":"2022-03-31T13:48:42","slug":"produktiveslernen","status":"publish","type":"page","link":"https:\/\/hedwig-dohm-os.de\/01\/schule-2-2\/produktiveslernen\/","title":{"rendered":"PL \u2013 Produktives Lernen"},"content":{"rendered":"\n<div class=\"wp-block-advgb-columns advgb-columns-wrapper\" id=\"advgb-cols-05e4bca4-d213-4d2d-a7f3-9c7b6880da37\"><div class=\"advgb-columns-container\"><div class=\"advgb-columns advgb-columns-row advgb-is-mobile advgb-columns-2 layout-13-23 mbl-layout-stacked gutter-20 vgutter-10\">\n<div class=\"wp-block-advgb-column advgb-column advgb-is-one-third-tablet advgb-is-full-mobile\" id=\"advgb-col-333dfa61-e82b-4696-bf63-be7963976df4\" style=\"flex:none\"><div class=\"advgb-column-inner\" style=\"border-style:none;border-width:1px\">\n<div class=\"wp-block-advgb-infobox advgb-infobox-wrapper has-text-align-left info-kontaktbox-widget-block textpadding advgb-infobox-b4e44746-9432-4744-a963-ba8263fb2e70\"><div class=\"advgb-infobox-wrap\"><div class=\"advgb-infobox-icon-container\"><div class=\"advgb-infobox-icon-inner-container\"><i class=\"material-icons-round\">blur_on<\/i><\/div><\/div><div class=\"advgb-infobox-textcontent\"><h4 class=\"advgb-infobox-title\">Ansprechpersonenen<br><\/h4><p class=\"advgb-infobox-text\"><strong>Hr. M\u00fcl\u00adler<br>Hr. Spittel-Cheparev<br><\/strong><br><br><strong>Tele\u00adfon<\/strong>: 030 \/ 38377155<br><strong>E\u2011Mail<\/strong>: pl.hdo@gmx.de<br><br><\/p><\/div><\/div><\/div>\n<\/div><\/div>\n\n\n\n<div class=\"wp-block-advgb-column advgb-column advgb-is-two-thirds-tablet advgb-is-full-mobile\" id=\"advgb-col-a439691d-b963-4021-a3fd-762d42f31bda\"><div class=\"advgb-column-inner\" style=\"border-style:none;border-width:1px\">\n<h3 class=\"textpadding wp-block-heading\"><strong>Du willst ins Produktive Lernen?<\/strong><\/h3>\n\n\n\n<p>In der Hedwig-Dohm Ober\u00adschu\u00adle in Ber\u00adlin Moa\u00adbit gibt es ein \u201ePro\u00adduk\u00adti\u00adves Ler\u00adnen\u201c in Klas\u00adse 9&nbsp;und 10, wo Sch\u00fc\u00adle\u00adrin\u00adnen und Sch\u00fc\u00adler auf eine ande\u00adre Art und Wei\u00adse ihren Schul\u00adab\u00adschluss erwer\u00adben k\u00f6nnen.<\/p>\n\n\n\n<p>Die Sch\u00fc\u00adle\u00adrin\u00adnen und Sch\u00fc\u00adler vom PL gehen an zwei Tagen in die Schu\u00adle und an drei Tagen in den Betrieb. Die Prak\u00adti\u00adka dau\u00adern drei Mona\u00adte, das Schul\u00adjahr ist in drei Tei\u00adle, soge\u00adnann\u00adte Tri\u00admes\u00adter, geteilt.<\/p>\n\n\n\n<h3 class=\"has-text-align-left textpadding wp-block-heading\"><strong>Was hei\u00dft Produktives Lernen \u00fcberhaupt?<\/strong><\/h3>\n\n\n\n<p>Ant\u00adwor\u00adten auf vie\u00adle dei\u00adner Fra\u00adgen fin\u00addest du in <a href=\"http:\/\/bild-und-begegnung.de\/2021\/01\/pl\/\">die\u00adsem Film<\/a>, der w\u00e4h\u00adrend der Coro\u00adna\u00adzeit gedreht wurde:<\/p>\n\n\n\n<div class=\"wp-block-image\"><figure class=\"aligncenter size-full\"><a href=\"http:\/\/bild-und-begegnung.de\/category\/produktives-lernen-dez-2020\/\"><img loading=\"lazy\" decoding=\"async\" width=\"519\" height=\"293\" src=\"https:\/\/hedwig-dohm-os.de\/wp-content\/uploads\/2022\/01\/pl-filmstill.jpg\" alt title=\"Schaue dir den Film auf den Seiten von Bild- und Begegnung e.V. an\" class=\"wp-image-5849\" srcset=\"https:\/\/hedwig-dohm-os.de\/wp-content\/uploads\/2022\/01\/pl-filmstill.jpg 519w, https:\/\/hedwig-dohm-os.de\/wp-content\/uploads\/2022\/01\/pl-filmstill-300x169.jpg 300w\" sizes=\"auto, (max-width: 519px) 100vw, 519px\"><\/a><figcaption> <a href=\"http:\/\/bild-und-begegnung.de\/category\/aussicht-auf-arbeit\/\">Aus\u00adsicht auf Arbeit<\/a>, <a href=\"http:\/\/bild-und-begegnung.de\/category\/produktives-lernen-dez-2020\/\">Pro\u00adduk\u00adti\u00adves Ler\u00adnen Dez 2020<\/a>, <a href=\"http:\/\/bild-und-begegnung.de\/category\/schule\/\">HDO-Schule<\/a><\/figcaption><\/figure><\/div>\n<\/div><\/div>\n<\/div><\/div><\/div>\n\n\n\n<p><\/p>\n\n\n\n<p><\/p>\n\n\n\n<div class=\"wp-block-stackable-columns stk-block-columns stk-block stk-9ec8f37\" data-block-id=\"9ec8f37\"><div class=\"stk-row stk-inner-blocks stk-block-content stk-content-align stk-9ec8f37-column\">\n<div class=\"wp-block-stackable-column stk-block-column stk-column stk-block stk-aefcbc1\" data-block-id=\"aefcbc1\"><div class=\"stk-column-wrapper stk-block-column__content stk-container stk-aefcbc1-container stk--no-background stk--no-padding\"><div class=\"stk-block-content stk-inner-blocks\">\n<div class=\"wp-block-advgb-accordions advgb-accordion-wrapper\">\n<div class=\"wp-block-advgb-accordion-item advgb-accordion-item\" style=\"margin-bottom:15px\"><div class=\"advgb-accordion-header\" style=\"background-color:#8ed1fc;color:#0693e3;border-style:dashed;border-width:1px;border-color:#ffffff;border-radius:8px\"><span class=\"advgb-accordion-header-icon\"><svg fill=\"#0693e3\" width=\"24\" height=\"24\" viewBox=\"0 0 24 24\"><path fill=\"none\" d=\"M0,0h24v24H0V0z\" \/><path d=\"M12,5.83L15.17,9l1.41-1.41L12,3L7.41,7.59L8.83,9L12,5.83z M12,18.17L8.83,15l-1.41,1.41L12,21l4.59-4.59L15.17,15 L12,18.17z\" \/><\/svg><\/span><h4 class=\"advgb-accordion-header-title\" style=\"color:inherit\"><strong>Wie kann ich da mitmachen?<\/strong><\/h4><\/div><div class=\"advgb-accordion-body\" style=\"background-color:#0693e3;color:#ffffff;border-style:dashed !important;border-width:1px !important;border-color:#ffffff !important;border-top:none !important;border-radius:8px !important\">\n<p><em><strong>Du musst dich bewerben:<\/strong><\/em><\/p>\n\n\n\n<p class=\"green-betonung\"><strong>schrift\u00adli\u00adche Bewerbung:<\/strong><\/p>\n\n\n\n<ul class=\"wp-block-list\"><li>Lebens\u00adlauf mit Foto, Zeug\u00adnis\u00adko\u00adpie des letz\u00adten Halbjahres<\/li><\/ul>\n\n\n\n<p class=\"green-betonung\"><strong>Auf\u00adnah\u00adme\u00adver\u00adfah\u00adren (auch f\u00fcr Quereinsteiger):<\/strong><\/p>\n\n\n\n<ul class=\"wp-block-list\"><li>Bera\u00adtungs\u00adge\u00adspr\u00e4ch mit dei\u00adnen Eltern oder Erzie\u00adhungs\u00adbe\u00adrech\u00adtig\u00adten am Tag der offe\u00adnen T\u00fcr oder nach tele\u00adfo\u00adni\u00adscher Vereinbarung<\/li><li>Bestehen der Ori\u00aden\u00adtie\u00adrungs\u00adpha\u00adse (6\u20138 Wochen, bei Aus\u00adnah\u00adme\u00adf\u00e4l\u00adlen Ver\u00adl\u00e4n\u00adge\u00adrung der Orientierungsphase)<\/li><\/ul>\n\n\n\n<p><\/p>\n<\/div><\/div>\n\n\n\n<div class=\"wp-block-advgb-accordion-item advgb-accordion-item\" style=\"margin-bottom:15px\"><div class=\"advgb-accordion-header\" style=\"background-color:#8ed1fc;color:#0693e3;border-style:dashed;border-width:1px;border-color:#ffffff;border-radius:8px\"><span class=\"advgb-accordion-header-icon\"><svg fill=\"#0693e3\" width=\"24\" height=\"24\" viewBox=\"0 0 24 24\"><path fill=\"none\" d=\"M0,0h24v24H0V0z\" \/><path d=\"M12,5.83L15.17,9l1.41-1.41L12,3L7.41,7.59L8.83,9L12,5.83z M12,18.17L8.83,15l-1.41,1.41L12,21l4.59-4.59L15.17,15 L12,18.17z\" \/><\/svg><\/span><h4 class=\"advgb-accordion-header-title\" style=\"color:inherit\"><strong>Was muss ich mitbringen?<\/strong><\/h4><\/div><div class=\"advgb-accordion-body\" style=\"background-color:#0693e3;color:#ffffff;border-style:dashed !important;border-width:1px !important;border-color:#ffffff !important;border-top:none !important;border-radius:8px !important\">\n<ul class=\"wp-block-list\" id=\"block-2eef3149-1344-43ec-9390-cacc19adad14\"><li>Du soll\u00adtest am PL aus eige\u00adner \u00dcber\u00adzeu\u00adgung teil\u00adneh\u00admen wol\u00adlen<br>und die\u00adse Ent\u00adschei\u00addung begr\u00fcn\u00adden k\u00f6nnen,<\/li><li>Du hast Freu\u00adde am prak\u00adti\u00adschen Lernen,<\/li><li>Du ver\u00adf\u00fcgst \u00fcber ein bestimm\u00adtes Ma\u00df an Selbst\u00adst\u00e4n\u00addig\u00adkeit,<br>Zuver\u00adl\u00e4s\u00adsig\u00adkeit, Mobi\u00adli\u00adt\u00e4t und Kooperation,<\/li><li>Du hast kon\u00adkre\u00adte Vor\u00adstel\u00adlun\u00adgen \u00fcber zuk\u00fcnf\u00adti\u00adge Praktikumspl\u00e4tze,<\/li><li>Du bringst die Vor\u00adaus\u00adset\u00adzung zum Pra\u00adxis\u00adplatz\u00adwech\u00adsel nach jedem Tri\u00admes\u00adter&nbsp;mit.<\/li><\/ul>\n<\/div><\/div>\n\n\n\n<div class=\"wp-block-advgb-accordion-item advgb-accordion-item\" style=\"margin-bottom:15px\"><div class=\"advgb-accordion-header\" style=\"background-color:#8ed1fc;color:#0693e3;border-style:dashed;border-width:1px;border-color:#ffffff;border-radius:8px\"><span class=\"advgb-accordion-header-icon\"><svg fill=\"#0693e3\" width=\"24\" height=\"24\" viewBox=\"0 0 24 24\"><path fill=\"none\" d=\"M0,0h24v24H0V0z\" \/><path d=\"M12,5.83L15.17,9l1.41-1.41L12,3L7.41,7.59L8.83,9L12,5.83z M12,18.17L8.83,15l-1.41,1.41L12,21l4.59-4.59L15.17,15 L12,18.17z\" \/><\/svg><\/span><h4 class=\"advgb-accordion-header-title\" style=\"color:inherit\"><strong>Welche Abschl\u00fcsse kann ich machen?<\/strong><\/h4><\/div><div class=\"advgb-accordion-body\" style=\"background-color:#0693e3;color:#ffffff;border-style:dashed !important;border-width:1px !important;border-color:#ffffff !important;border-top:none !important;border-radius:8px !important\">\n<ul class=\"wp-block-list\"><li>Berufs\u00adori\u00aden\u00adtie\u00adren\u00adder Abschluss (BOA)<\/li><li>Berufs\u00adbil\u00addungs\u00adrei\u00adfe (BBR)<\/li><li>Erwei\u00adter\u00adte Berufsbildungsreife(EBBR)<\/li><li>Mitt\u00adle\u00adrer Schul\u00adab\u00adschluss (MSA)<\/li><li>Mitt\u00adle\u00adrer Schul\u00adab\u00adschluss mit Berech\u00adti\u00adgung zum \u00dcber\u00adgang in die gym\u00adna\u00adsia\u00adle Ober\u00adstu\u00adfe (MSA&nbsp;GO)<\/li><\/ul>\n<\/div><\/div>\n<\/div>\n\n\n\n<div style=\"height:30px\" aria-hidden=\"true\" class=\"wp-block-spacer\"><\/div>\n\n\n\n<h3 class=\"wp-block-heading\"><strong>Vorteile zum&nbsp;herk\u00f6mmlichen schulischen Lernen:<\/strong><\/h3>\n\n\n\n<ul class=\"wp-block-list\"><li>klei\u00adne\u00adre Klassenfrequenzen<\/li><li>inten\u00adsi\u00adve indi\u00advi\u00addu\u00adel\u00adle F\u00f6rderung<\/li><li>lebens\u00adna\u00adher Unter\u00adricht \u201eim wirk\u00adli\u00adchen&nbsp;Leben\u201c<\/li><li>Ent\u00adwick\u00adlung von sozia\u00adlen F\u00e4hig\u00adkei\u00adten und Kernkompetenzen<\/li><li>ver\u00adst\u00e4rk\u00adte Hil\u00adfe bei der Berufsfindung<\/li><li>Erleich\u00adter\u00adter \u00dcber\u00adgang in das Berufs\u00adle\u00adben bzw. eine Ausbildung<\/li><li>Sam\u00admeln von Kon\u00adtak\u00adten von m\u00f6g\u00adli\u00adchen Ausbildungsbetrieben.<\/li><li>schon vor Beginn der Berufs\u00adaus\u00adbil\u00addung wis\u00adsen die Sch\u00fcler:innen, dass der gew\u00e4hl\u00adte Beruf und der Aus\u00adbil\u00addungs\u00adort zu ihnen passen.<\/li><\/ul>\n<\/div><\/div><\/div>\n\n\n\n<div class=\"wp-block-stackable-column stk-block-column stk-column stk-block stk-2641b03\" data-block-id=\"2641b03\"><div class=\"stk-column-wrapper stk-block-column__content stk-container stk-2641b03-container stk--no-background stk--no-padding\"><div class=\"stk-block-content stk-inner-blocks\">\n<div style=\"height:30px\" aria-hidden=\"true\" class=\"wp-block-spacer\"><\/div>\n\n\n\n<h3 class=\"textpadding wp-block-heading\"><strong>Das Schuljahr im&nbsp;PL&nbsp;<\/strong><\/h3>\n\n\n\n<p>Ein Schul\u00adjahr im PL ist in drei Abschnit\u00adte unter\u00adteilt. Die Abschnit\u00adte wer\u00adden Tri\u00admes\u00adter genannt.<\/p>\n\n\n\n<p>Ein Tri\u00admes\u00adter dau\u00adert unge\u00adf\u00e4hr 12 Wochen.&nbsp;<\/p>\n\n\n\n<p>Die Woche ist auf\u00adge\u00adteilt in 2&nbsp;Tage in der Schu\u00adle und 3&nbsp;Tage in der Praxis.<\/p>\n\n\n\n<ul class=\"wp-block-list\"><li>Schul\u00adjahr besteht aus 3&nbsp;Trimestern<\/li><li>Pro\u00adbe\u00adzeit (6- 8&nbsp;Wochen)<\/li><li>pro Tri\u00admes\u00adter ein ande\u00adrer Praxisplatz<\/li><li>selbst\u00adst\u00e4n\u00addi\u00adge Praxisplatzsuche<\/li><li>Betreu\u00adung am Pra\u00adxis\u00adplatz durch Men\u00adto\u00adren und Lehrer<\/li><li>F\u00fch\u00adren eines Praxisplatzhefters<\/li><li>Aus\u00adar\u00adbei\u00adtun\u00adgen von Fachthemen<\/li><li>Pr\u00e4\u00adsen\u00adta\u00adtio\u00adnen die\u00adser Arbei\u00adten mit Pla\u00adka\u00adten, Model\u00adlen, Foto\u00addo\u00adku\u00admen\u00adta\u00adtio\u00adnen oder PowerPoint-Pr\u00e4sentationen<\/li><\/ul>\n\n\n\n<p><\/p>\n\n\n\n<h3 class=\"textpadding wp-block-heading\"><strong>Bewertung \/ Abschl\u00fcsse:<\/strong><\/h3>\n\n\n\n<p>Du wirst anders bewer\u00adtet, hast aber trotz\u00addem die M\u00f6g\u00adlich\u00adkeit alle Schul\u00adab\u00adschl\u00fcs\u00adse zu erreichen:<\/p>\n\n\n\n<div class=\"wp-block-group\"><div class=\"wp-block-group__inner-container is-layout-flow wp-block-group-is-layout-flow\">\n<ul class=\"wp-block-list\" id=\"block-8434f54b-d1f6-436b-a425-a12693083321\"><li>Tri\u00admes\u00adter\u00adbe\u00adricht mit Punk\u00adten, Beur\u00adtei\u00adlung \u00fcber das Arbeits- und Sozi\u00adal\u00adver\u00adhal\u00adten in der Schu\u00adle und am Praxisplatz<\/li><li>Noten\u00adzeug\u00adnis\u00adse am Jah\u00adres\u00aden\u00adde, alle Schul\u00adab\u00adschl\u00fcs\u00adse der SEK 1&nbsp;m\u00f6glich!<\/li><\/ul>\n<\/div><\/div>\n<\/div><\/div><\/div>\n<\/div><\/div>\n\n\n\n<p><\/p>\n\n\n\n<p><\/p>\n<style class=\"advgb-styles-renderer\">#advgb-infobox-b4e44746-9432-4744-a963-ba8263fb2e70, .advgb-infobox-b4e44746-9432-4744-a963-ba8263fb2e70 {background-color: #8ed1fc;padding: 20px 0px 0px 20px;border: 0px solid #ffffff;border-radius: 8px;}#advgb-infobox-b4e44746-9432-4744-a963-ba8263fb2e70 .advgb-infobox-icon-container, .advgb-infobox-b4e44746-9432-4744-a963-ba8263fb2e70 .advgb-infobox-icon-container {background-color: #8ed1fc;padding: 0;margin: 0;border: 0px solid #0693e3;border-radius: 50px;}#advgb-infobox-b4e44746-9432-4744-a963-ba8263fb2e70 .advgb-infobox-icon-container i, .advgb-infobox-b4e44746-9432-4744-a963-ba8263fb2e70 .advgb-infobox-icon-container i {color: #ffffff;font-size: 50px;display: block;}#advgb-infobox-b4e44746-9432-4744-a963-ba8263fb2e70 .advgb-infobox-textcontent .advgb-infobox-title, .advgb-infobox-b4e44746-9432-4744-a963-ba8263fb2e70 .advgb-infobox-textcontent .advgb-infobox-title {color: #0693e3;padding: 0;margin: 5px 0 10px 0;white-space: pre-wrap;}#advgb-infobox-b4e44746-9432-4744-a963-ba8263fb2e70 .advgb-infobox-textcontent .advgb-infobox-text, .advgb-infobox-b4e44746-9432-4744-a963-ba8263fb2e70 .advgb-infobox-textcontent .advgb-infobox-text {color: #0693e3;padding: 0;margin: 0;white-space: pre-wrap;}#advgb-col-333dfa61-e82b-4696-bf63-be7963976df4>.advgb-column-inner{}#advgb-col-333dfa61-e82b-4696-bf63-be7963976df4{width: 40%;}@media screen and (max-width: 1023px) {#advgb-col-333dfa61-e82b-4696-bf63-be7963976df4>.advgb-column-inner{}}@media screen and (max-width: 767px) {#advgb-col-333dfa61-e82b-4696-bf63-be7963976df4>.advgb-column-inner{}}#advgb-infobox-b4e44746-9432-4744-a963-ba8263fb2e70, .advgb-infobox-b4e44746-9432-4744-a963-ba8263fb2e70 {background-color: #8ed1fc;padding: 20px 0px 0px 20px;border: 0px solid #ffffff;border-radius: 8px;}#advgb-infobox-b4e44746-9432-4744-a963-ba8263fb2e70 .advgb-infobox-icon-container, .advgb-infobox-b4e44746-9432-4744-a963-ba8263fb2e70 .advgb-infobox-icon-container {background-color: #8ed1fc;padding: 0;margin: 0;border: 0px solid #0693e3;border-radius: 50px;}#advgb-infobox-b4e44746-9432-4744-a963-ba8263fb2e70 .advgb-infobox-icon-container i, .advgb-infobox-b4e44746-9432-4744-a963-ba8263fb2e70 .advgb-infobox-icon-container i {color: #ffffff;font-size: 50px;display: block;}#advgb-infobox-b4e44746-9432-4744-a963-ba8263fb2e70 .advgb-infobox-textcontent .advgb-infobox-title, .advgb-infobox-b4e44746-9432-4744-a963-ba8263fb2e70 .advgb-infobox-textcontent .advgb-infobox-title {color: #0693e3;padding: 0;margin: 5px 0 10px 0;white-space: pre-wrap;}#advgb-infobox-b4e44746-9432-4744-a963-ba8263fb2e70 .advgb-infobox-textcontent .advgb-infobox-text, .advgb-infobox-b4e44746-9432-4744-a963-ba8263fb2e70 .advgb-infobox-textcontent .advgb-infobox-text {color: #0693e3;padding: 0;margin: 0;white-space: pre-wrap;}#advgb-col-a439691d-b963-4021-a3fd-762d42f31bda>.advgb-column-inner{}@media screen and (max-width: 1023px) {#advgb-col-a439691d-b963-4021-a3fd-762d42f31bda>.advgb-column-inner{}}@media screen and (max-width: 767px) {#advgb-col-a439691d-b963-4021-a3fd-762d42f31bda>.advgb-column-inner{}}#advgb-cols-05e4bca4-d213-4d2d-a7f3-9c7b6880da37{}@media screen and (max-width: 1023px) {#advgb-cols-05e4bca4-d213-4d2d-a7f3-9c7b6880da37{}}@media screen and (max-width: 767px) {#advgb-cols-05e4bca4-d213-4d2d-a7f3-9c7b6880da37{}}#advgb-col-333dfa61-e82b-4696-bf63-be7963976df4>.advgb-column-inner{}#advgb-col-333dfa61-e82b-4696-bf63-be7963976df4{width: 40%;}@media screen and (max-width: 1023px) {#advgb-col-333dfa61-e82b-4696-bf63-be7963976df4>.advgb-column-inner{}}@media screen and (max-width: 767px) {#advgb-col-333dfa61-e82b-4696-bf63-be7963976df4>.advgb-column-inner{}}#advgb-infobox-b4e44746-9432-4744-a963-ba8263fb2e70, .advgb-infobox-b4e44746-9432-4744-a963-ba8263fb2e70 {background-color: #8ed1fc;padding: 20px 0px 0px 20px;border: 0px solid #ffffff;border-radius: 8px;}#advgb-infobox-b4e44746-9432-4744-a963-ba8263fb2e70 .advgb-infobox-icon-container, .advgb-infobox-b4e44746-9432-4744-a963-ba8263fb2e70 .advgb-infobox-icon-container {background-color: #8ed1fc;padding: 0;margin: 0;border: 0px solid #0693e3;border-radius: 50px;}#advgb-infobox-b4e44746-9432-4744-a963-ba8263fb2e70 .advgb-infobox-icon-container i, .advgb-infobox-b4e44746-9432-4744-a963-ba8263fb2e70 .advgb-infobox-icon-container i {color: #ffffff;font-size: 50px;display: block;}#advgb-infobox-b4e44746-9432-4744-a963-ba8263fb2e70 .advgb-infobox-textcontent .advgb-infobox-title, .advgb-infobox-b4e44746-9432-4744-a963-ba8263fb2e70 .advgb-infobox-textcontent .advgb-infobox-title {color: #0693e3;padding: 0;margin: 5px 0 10px 0;white-space: pre-wrap;}#advgb-infobox-b4e44746-9432-4744-a963-ba8263fb2e70 .advgb-infobox-textcontent .advgb-infobox-text, .advgb-infobox-b4e44746-9432-4744-a963-ba8263fb2e70 .advgb-infobox-textcontent .advgb-infobox-text {color: #0693e3;padding: 0;margin: 0;white-space: pre-wrap;}#advgb-col-a439691d-b963-4021-a3fd-762d42f31bda>.advgb-column-inner{}@media screen and (max-width: 1023px) {#advgb-col-a439691d-b963-4021-a3fd-762d42f31bda>.advgb-column-inner{}}@media screen and (max-width: 767px) {#advgb-col-a439691d-b963-4021-a3fd-762d42f31bda>.advgb-column-inner{}}.stk-9ec8f37-column{--stk-column-gap:20px !important}@media screen and (min-width:768px){.stk-aefcbc1{flex:1 1 calc(50.6% - var(--stk-column-gap,0px) * 1 \/ 2 ) !important}}@media screen and (min-width:768px){.stk-2641b03{flex:1 1 calc(49.4% - var(--stk-column-gap,0px) * 1 \/ 2 ) !important}}<\/style>","protected":false},"excerpt":{"rendered":"<p>Vor\u00adtei\u00adle zum&nbsp;her\u00adk\u00f6mm\u00adli\u00adchen schu\u00adli\u00adschen Ler\u00adnen: klei\u00adne\u00adre Klas\u00adsen\u00adfre\u00adquen\u00adzen inten\u00adsi\u00adve indi\u00advi\u00addu\u00adel\u00adle F\u00f6r\u00adde\u00adrung lebens\u00adna\u00adher Unter\u00adricht \u201eim wirk\u00adli\u00adchen&nbsp;Leben\u201c Ent\u00adwick\u00adlung von sozia\u00adlen F\u00e4hig\u00adkei\u00adten und Kern\u00adkom\u00adpe\u00adten\u00adzen ver\u00adst\u00e4rk\u00adte Hil\u00adfe bei der Berufs\u00adfin\u00addung Erleich\u00adter\u00adter \u00dcber\u00adgang in das Berufs\u00adle\u00adben bzw. eine Aus\u00adbil\u00addung Sam\u00admeln von Kon\u00adtak\u00adten von m\u00f6g\u00adli\u00adchen Aus\u00adbil\u00addungs\u00adbe\u00adtrie\u00adben. schon vor Beginn der Berufs\u00adaus\u00adbil\u00addung wis\u00adsen die Sch\u00fcler:innen, dass der gew\u00e4hl\u00adte Beruf und der Aus\u00adbil\u00addungs\u00adort zu&nbsp;ihnen<\/p>\n<p class=\"text-right\"><span class=\"screen-reader-text\">Wei\u00adter\u00adle\u00adsen \u2026 PL \u2013 Pro\u00adduk\u00adti\u00adves Ler\u00adnen<\/span><a class=\"btn btn-secondary continue-reading\" href=\"https:\/\/hedwig-dohm-os.de\/01\/schule-2-2\/produktiveslernen\/\">Wei\u00adter\u00adle\u00adsen \u2026<\/a><\/p>\n","protected":false},"author":1,"featured_media":0,"parent":75,"menu_order":0,"comment_status":"closed","ping_status":"closed","template":"","meta":{"inline_featured_image":false,"wp_typography_post_enhancements_disabled":false,"advgb_blocks_editor_width":"","advgb_blocks_columns_visual_guide":"","footnotes":""},"class_list":["post-5815","page","type-page","status-publish","hentry"],"coauthors":[],"author_meta":{"author_link":"https:\/\/hedwig-dohm-os.de\/01\/author\/angelimudra\/","display_name":"admin"},"relative_dates":{"created":"Ver\u00f6ffentlicht 4\u00a0Jahren vor","modified":"Aktualisiert 4\u00a0Jahren vor"},"absolute_dates":{"created":"Ver\u00f6ffentlicht am 14. Januar 2022","modified":"Aktualisiert am 31. M\u00e4rz 2022"},"absolute_dates_time":{"created":"Ver\u00f6ffentlicht am 14. Januar 2022 21:46","modified":"Aktualisiert am 31. M\u00e4rz 2022 13:48"},"featured_img_caption":"","featured_img":false,"series_order":"","_links":{"self":[{"href":"https:\/\/hedwig-dohm-os.de\/01\/wp-json\/wp\/v2\/pages\/5815","targetHints":{"allow":["GET"]}}],"collection":[{"href":"https:\/\/hedwig-dohm-os.de\/01\/wp-json\/wp\/v2\/pages"}],"about":[{"href":"https:\/\/hedwig-dohm-os.de\/01\/wp-json\/wp\/v2\/types\/page"}],"author":[{"embeddable":true,"href":"https:\/\/hedwig-dohm-os.de\/01\/wp-json\/wp\/v2\/users\/1"}],"replies":[{"embeddable":true,"href":"https:\/\/hedwig-dohm-os.de\/01\/wp-json\/wp\/v2\/comments?post=5815"}],"version-history":[{"count":0,"href":"https:\/\/hedwig-dohm-os.de\/01\/wp-json\/wp\/v2\/pages\/5815\/revisions"}],"up":[{"embeddable":true,"href":"https:\/\/hedwig-dohm-os.de\/01\/wp-json\/wp\/v2\/pages\/75"}],"wp:attachment":[{"href":"https:\/\/hedwig-dohm-os.de\/01\/wp-json\/wp\/v2\/media?parent=5815"}],"curies":[{"name":"wp","href":"https:\/\/api.w.org\/{rel}","templated":true}]}}