{"id":5743,"date":"2022-01-14T11:31:23","date_gmt":"2022-01-14T11:31:23","guid":{"rendered":"https:\/\/01.hedwig-dohm-os.de\/?page_id=5743"},"modified":"2024-02-10T21:00:55","modified_gmt":"2024-02-10T21:00:55","slug":"regelklassen","status":"publish","type":"page","link":"https:\/\/hedwig-dohm-os.de\/01\/schule-2-2\/regelklassen\/","title":{"rendered":"Regelklassen"},"content":{"rendered":"\n<p><\/p>\n\n\n\n<p><\/p>\n\n\n\n<div class=\"wp-block-advgb-columns advgb-columns-wrapper\" id=\"advgb-cols-3a3fea78-d35a-4c23-b2f4-c6713793fe98\"><div class=\"advgb-columns-container\"><div class=\"advgb-columns advgb-columns-row advgb-is-mobile advgb-columns-2 layout-13-23 mbl-layout-stacked gutter-20 vgutter-10\">\n<div class=\"wp-block-advgb-column advgb-column advgb-is-one-third-tablet advgb-is-full-mobile\" id=\"advgb-col-23475927-c0fd-4fc7-8576-1cd79916adfb\"><div class=\"advgb-column-inner\" style=\"border-style:none;border-width:1px\">\n<div class=\"wp-block-advgb-infobox advgb-infobox-wrapper has-text-align-center has-text-align-undefined info-kontaktbox-widget-block advgb-infobox-bbc43711-f87d-40c4-b679-6850183e618f\"><div class=\"advgb-infobox-wrap\"><div class=\"advgb-infobox-icon-container\"><div class=\"advgb-infobox-icon-inner-container\"><i class=\"material-icons-outlined\">blur_on<\/i><\/div><\/div><div class=\"advgb-infobox-textcontent\"><h3 class=\"advgb-infobox-title\">Teamleitung der Jahrgangstufen&nbsp;<\/h3><p class=\"advgb-infobox-text\"><mark style=\"background-color:rgba(0, 0, 0, 0)\" class=\"has-inline-color has-pale-cyan-blue-color\">0<\/mark>7. Klas\u00adsen\u00adstu\u00adfe: Hr. Froh\u00adnert<br><span style=\"color: #8ed1fc;\" class=\"stk-highlight\">0<\/span>8. Klas\u00adsen\u00adstu\u00adfe: Hr. Sch\u00e4\u00adfer<br><span style=\"color: #8ed1fc;\" class=\"stk-highlight\">0<\/span>9. Klas\u00adsen\u00adstu\u00adfe: Fr. Nos\u00adtiz<br>10. Klas\u00adsen\u00adstu\u00adfe: Hr. Meinert&nbsp;<\/p><\/div><\/div><\/div>\n<\/div><\/div>\n\n\n\n<div class=\"wp-block-advgb-column advgb-column advgb-is-two-thirds-tablet advgb-is-full-mobile\" id=\"advgb-col-353d7030-bf97-4500-9b51-82dd57456071\"><div class=\"advgb-column-inner\" style=\"border-style:none;border-width:1px\">\n<p class=\"textpadding\">An unse\u00adrer Schu\u00adle gibt es 17 Regel\u00adklas\u00adsen mit einer Klas\u00adsen\u00adst\u00e4r\u00adke von 22 bis 26 Sch\u00fcler:innen, davon haben etwa 4&nbsp;bis 12 Sch\u00fcler:innen son\u00adder\u00adp\u00e4d\u00adago\u00adgi\u00adschen F\u00f6rderbedarf.&nbsp;<\/p>\n\n\n\n<p class=\"textpadding\">Die Regel\u00adklas\u00adsen wer\u00adden als Ganz\u00adtags\u00adklas\u00adsen gef\u00fchrt , das hei\u00dft, die Sch\u00fcler:innen haben (au\u00dfer frei\u00adtags) von 8.15 bis 15.30 Uhr Unter\u00adricht. Zum Ganz\u00adtags\u00adun\u00adter\u00adricht geh\u00f6rt auch die w\u00f6chent\u00adli\u00adche Teil\u00adnah\u00adme an einem AG-Angebot.<\/p>\n<\/div><\/div>\n<\/div><\/div><\/div>\n<style class=\"advgb-styles-renderer\">#advgb-infobox-bbc43711-f87d-40c4-b679-6850183e618f, .advgb-infobox-bbc43711-f87d-40c4-b679-6850183e618f {background-color: #8ed1fc;padding: 20px 20px 20px 20px;border: 0px solid #e8e8e8 ;border-radius: 0px;}#advgb-infobox-bbc43711-f87d-40c4-b679-6850183e618f .advgb-infobox-icon-container, .advgb-infobox-bbc43711-f87d-40c4-b679-6850183e618f .advgb-infobox-icon-container {background-color: #8ed1fc;padding: 0;margin: 0;border: 0px solid #e8e8e8 ;border-radius: 0px;}#advgb-infobox-bbc43711-f87d-40c4-b679-6850183e618f .advgb-infobox-icon-container i, .advgb-infobox-bbc43711-f87d-40c4-b679-6850183e618f .advgb-infobox-icon-container i {color: #ffffff;font-size: 50px;display: block;}#advgb-infobox-bbc43711-f87d-40c4-b679-6850183e618f .advgb-infobox-textcontent .advgb-infobox-title, .advgb-infobox-bbc43711-f87d-40c4-b679-6850183e618f .advgb-infobox-textcontent .advgb-infobox-title {color: #0693e3;padding: 0;margin: 5px 0 10px 0;white-space: pre-wrap;}#advgb-infobox-bbc43711-f87d-40c4-b679-6850183e618f .advgb-infobox-textcontent .advgb-infobox-text, .advgb-infobox-bbc43711-f87d-40c4-b679-6850183e618f .advgb-infobox-textcontent .advgb-infobox-text {color: #0693e3;padding: 0;margin: 0;white-space: pre-wrap;}#advgb-col-23475927-c0fd-4fc7-8576-1cd79916adfb>.advgb-column-inner{margin-right:0px;margin-left:30px;padding-right:0px;padding-left:20px;}@media screen and (max-width: 1023px) {#advgb-col-23475927-c0fd-4fc7-8576-1cd79916adfb>.advgb-column-inner{}}@media screen and (max-width: 767px) {#advgb-col-23475927-c0fd-4fc7-8576-1cd79916adfb>.advgb-column-inner{}}#advgb-infobox-bbc43711-f87d-40c4-b679-6850183e618f, .advgb-infobox-bbc43711-f87d-40c4-b679-6850183e618f {background-color: #8ed1fc;padding: 20px 20px 20px 20px;border: 0px solid #e8e8e8 ;border-radius: 0px;}#advgb-infobox-bbc43711-f87d-40c4-b679-6850183e618f .advgb-infobox-icon-container, .advgb-infobox-bbc43711-f87d-40c4-b679-6850183e618f .advgb-infobox-icon-container {background-color: #8ed1fc;padding: 0;margin: 0;border: 0px solid #e8e8e8 ;border-radius: 0px;}#advgb-infobox-bbc43711-f87d-40c4-b679-6850183e618f .advgb-infobox-icon-container i, .advgb-infobox-bbc43711-f87d-40c4-b679-6850183e618f .advgb-infobox-icon-container i {color: #ffffff;font-size: 50px;display: block;}#advgb-infobox-bbc43711-f87d-40c4-b679-6850183e618f .advgb-infobox-textcontent .advgb-infobox-title, .advgb-infobox-bbc43711-f87d-40c4-b679-6850183e618f .advgb-infobox-textcontent .advgb-infobox-title {color: #0693e3;padding: 0;margin: 5px 0 10px 0;white-space: pre-wrap;}#advgb-infobox-bbc43711-f87d-40c4-b679-6850183e618f .advgb-infobox-textcontent .advgb-infobox-text, .advgb-infobox-bbc43711-f87d-40c4-b679-6850183e618f .advgb-infobox-textcontent .advgb-infobox-text {color: #0693e3;padding: 0;margin: 0;white-space: pre-wrap;}#advgb-col-353d7030-bf97-4500-9b51-82dd57456071>.advgb-column-inner{}@media screen and (max-width: 1023px) {#advgb-col-353d7030-bf97-4500-9b51-82dd57456071>.advgb-column-inner{}}@media screen and (max-width: 767px) {#advgb-col-353d7030-bf97-4500-9b51-82dd57456071>.advgb-column-inner{}}#advgb-cols-3a3fea78-d35a-4c23-b2f4-c6713793fe98{}@media screen and (max-width: 1023px) {#advgb-cols-3a3fea78-d35a-4c23-b2f4-c6713793fe98{}}@media screen and (max-width: 767px) {#advgb-cols-3a3fea78-d35a-4c23-b2f4-c6713793fe98{}}#advgb-col-23475927-c0fd-4fc7-8576-1cd79916adfb>.advgb-column-inner{margin-right:0px;margin-left:30px;padding-right:0px;padding-left:20px;}@media screen and (max-width: 1023px) {#advgb-col-23475927-c0fd-4fc7-8576-1cd79916adfb>.advgb-column-inner{}}@media screen and (max-width: 767px) {#advgb-col-23475927-c0fd-4fc7-8576-1cd79916adfb>.advgb-column-inner{}}#advgb-infobox-bbc43711-f87d-40c4-b679-6850183e618f, .advgb-infobox-bbc43711-f87d-40c4-b679-6850183e618f {background-color: #8ed1fc;padding: 20px 20px 20px 20px;border: 0px solid #e8e8e8 ;border-radius: 0px;}#advgb-infobox-bbc43711-f87d-40c4-b679-6850183e618f .advgb-infobox-icon-container, .advgb-infobox-bbc43711-f87d-40c4-b679-6850183e618f .advgb-infobox-icon-container {background-color: #8ed1fc;padding: 0;margin: 0;border: 0px solid #e8e8e8 ;border-radius: 0px;}#advgb-infobox-bbc43711-f87d-40c4-b679-6850183e618f .advgb-infobox-icon-container i, .advgb-infobox-bbc43711-f87d-40c4-b679-6850183e618f .advgb-infobox-icon-container i {color: #ffffff;font-size: 50px;display: block;}#advgb-infobox-bbc43711-f87d-40c4-b679-6850183e618f .advgb-infobox-textcontent .advgb-infobox-title, .advgb-infobox-bbc43711-f87d-40c4-b679-6850183e618f .advgb-infobox-textcontent .advgb-infobox-title {color: #0693e3;padding: 0;margin: 5px 0 10px 0;white-space: pre-wrap;}#advgb-infobox-bbc43711-f87d-40c4-b679-6850183e618f .advgb-infobox-textcontent .advgb-infobox-text, .advgb-infobox-bbc43711-f87d-40c4-b679-6850183e618f .advgb-infobox-textcontent .advgb-infobox-text {color: #0693e3;padding: 0;margin: 0;white-space: pre-wrap;}#advgb-col-353d7030-bf97-4500-9b51-82dd57456071>.advgb-column-inner{}@media screen and (max-width: 1023px) {#advgb-col-353d7030-bf97-4500-9b51-82dd57456071>.advgb-column-inner{}}@media screen and (max-width: 767px) {#advgb-col-353d7030-bf97-4500-9b51-82dd57456071>.advgb-column-inner{}}<\/style>","protected":false},"excerpt":{"rendered":"","protected":false},"author":1,"featured_media":0,"parent":75,"menu_order":0,"comment_status":"closed","ping_status":"closed","template":"","meta":{"inline_featured_image":false,"wp_typography_post_enhancements_disabled":false,"advgb_blocks_editor_width":"","advgb_blocks_columns_visual_guide":"","footnotes":""},"class_list":["post-5743","page","type-page","status-publish","hentry"],"coauthors":[],"author_meta":{"author_link":"https:\/\/hedwig-dohm-os.de\/01\/author\/angelimudra\/","display_name":"admin"},"relative_dates":{"created":"Ver\u00f6ffentlicht 4\u00a0Jahren vor","modified":"Aktualisiert 2\u00a0Jahren vor"},"absolute_dates":{"created":"Ver\u00f6ffentlicht am 14. Januar 2022","modified":"Aktualisiert am 10. Februar 2024"},"absolute_dates_time":{"created":"Ver\u00f6ffentlicht am 14. Januar 2022 11:31","modified":"Aktualisiert am 10. Februar 2024 21:00"},"featured_img_caption":"","featured_img":false,"series_order":"","_links":{"self":[{"href":"https:\/\/hedwig-dohm-os.de\/01\/wp-json\/wp\/v2\/pages\/5743","targetHints":{"allow":["GET"]}}],"collection":[{"href":"https:\/\/hedwig-dohm-os.de\/01\/wp-json\/wp\/v2\/pages"}],"about":[{"href":"https:\/\/hedwig-dohm-os.de\/01\/wp-json\/wp\/v2\/types\/page"}],"author":[{"embeddable":true,"href":"https:\/\/hedwig-dohm-os.de\/01\/wp-json\/wp\/v2\/users\/1"}],"replies":[{"embeddable":true,"href":"https:\/\/hedwig-dohm-os.de\/01\/wp-json\/wp\/v2\/comments?post=5743"}],"version-history":[{"count":0,"href":"https:\/\/hedwig-dohm-os.de\/01\/wp-json\/wp\/v2\/pages\/5743\/revisions"}],"up":[{"embeddable":true,"href":"https:\/\/hedwig-dohm-os.de\/01\/wp-json\/wp\/v2\/pages\/75"}],"wp:attachment":[{"href":"https:\/\/hedwig-dohm-os.de\/01\/wp-json\/wp\/v2\/media?parent=5743"}],"curies":[{"name":"wp","href":"https:\/\/api.w.org\/{rel}","templated":true}]}}