{"id":5532,"date":"2022-01-12T10:46:14","date_gmt":"2022-01-12T10:46:14","guid":{"rendered":"https:\/\/01.hedwig-dohm-os.de\/?page_id=5532"},"modified":"2022-02-19T16:12:38","modified_gmt":"2022-02-19T16:12:38","slug":"teach-first-deutschland-ggmbh","status":"publish","type":"page","link":"https:\/\/hedwig-dohm-os.de\/01\/schule-2-2\/kooperationen\/teach-first-deutschland-ggmbh\/","title":{"rendered":"Teach First Deutschland"},"content":{"rendered":"\n<p>Die Hedwig-Dohm-Oberschule koope\u00adriert seit 2012 mit der gemein\u00adn\u00fct\u00adzi\u00adgen Bil\u00addungs\u00ador\u00adga\u00adni\u00adsa\u00adti\u00adon&nbsp;<a href=\"http:\/\/www.teachfirst.de\/\" target=\"_blank\" rel=\"noreferrer noopener\">Teach First Deutsch\u00adland<\/a>.<\/p>\n\n\n\n<p class=\"textpadding\">Teach First Deutsch\u00adland setzt sich f\u00fcr das Recht auf Bil\u00addung und fai\u00adre Chan\u00adcen f\u00fcr alle Kin\u00adder ein, weil Bil\u00addungs\u00adchan\u00adcen in Deutsch\u00adland unge\u00adrecht ver\u00adteilt sind. Denn wie erfolg\u00adreich ein Kind das Bil\u00addungs\u00adsys\u00adtem durch\u00adl\u00e4uft und ob es die Schu\u00adle mit einem guten Abschluss ver\u00adl\u00e4sst, h\u00e4ngt dabei ma\u00df\u00adgeb\u00adlich vom sozio\u00ad\u00f6ko\u00adno\u00admi\u00adschen Hin\u00adter\u00adgrund&nbsp;ab.<\/p>\n\n\n\n<p class=\"textpadding\">Teach First Deutsch\u00adland setzt sich in Koope\u00adra\u00adti\u00adon mit teil\u00adneh\u00admen\u00adden Schu\u00adlen f\u00fcr bes\u00adse\u00adre Bil\u00addungs\u00adchan\u00adcen ein und unter\u00adst\u00fctzt Sch\u00fcler:innen durch zus\u00e4tz\u00adli\u00adche Lehr\u00adkr\u00e4f\u00adte auf Zeit (Fel\u00adlows). Die\u00adse Weggef\u00e4hrt:innen arbei\u00adten f\u00fcr zwei Jah\u00adre in Voll\u00adzeit an Schu\u00adlen in schwie\u00adri\u00adgen Umfel\u00addern und dort inten\u00adsiv mit dem Kol\u00adle\u00adgi\u00adum zusam\u00admen. Dabei ent\u00adwi\u00adckeln sie spe\u00adzi\u00adel\u00adle Lern- und F\u00f6r\u00adder\u00adan\u00adge\u00adbo\u00adte und initi\u00adie\u00adren Pro\u00adjek\u00adte, um Kin\u00adder und Jugend\u00adli\u00adche best\u00adm\u00f6g\u00adlich auf ihrem Bildungs- und Lebens\u00adweg zu unter\u00adst\u00fct\u00adzen. So k\u00f6n\u00adnen die\u00adse ihre schu\u00adli\u00adschen Leis\u00adtun\u00adgen und zuk\u00fcnf\u00adti\u00adgen Aus\u00adbil\u00addungs\u00adchan\u00adcen ver\u00adbes\u00adsern und ihr Poten\u00adzi\u00adal entfalten.<\/p>\n\n\n\n<p><\/p>\n\n\n\n<h2 class=\"wp-block-heading\" id=\"angebote-von-teach-first\">Angebote von Teach&nbsp;First<\/h2>\n\n\n\n<div class=\"wp-block-stackable-icon-list listenhyphens stk-block-icon-list stk-block stk-e7df8d3 stk-block-background\" data-block-id=\"e7df8d3\"><ul><li>Unter\u00adricht in leis\u00adtungs\u00addif\u00adfe\u00adren\u00adzier\u00adten Kleingruppen<\/li><li>Fach\u00adun\u00adter\u00adricht in Dop\u00adpel\u00adste\u00adckun\u00adgen (Team\u00adtea\u00adching)<\/li><li>zus\u00e4tz\u00adli\u00adche Ange\u00adbo\u00adte im Mit\u00adtags\u00adband und im AG-Bereich<\/li><li>Pr\u00fc\u00adfungs\u00advor\u00adbe\u00adrei\u00adtung f\u00fcr eBBR\/MSA und&nbsp;BBR<\/li><li>Teil\u00adnah\u00adme an den Lern\u00adfe\u00adri\u00aden MSA \u2013 l\u00e4uft bei dir! (Oster\u00adfe\u00adri\u00aden) und MSAct! (Som\u00admer\u00adfe\u00adri\u00aden)<\/li><\/ul><\/div>\n<style class=\"advgb-styles-renderer\">.stk-e7df8d3 ul li,.stk-e7df8d3 ol li{font-size:15px !important;line-height:3em !important;font-style:normal !important}@media screen and (max-width:1023px){.stk-e7df8d3 ul li,.stk-e7df8d3 ol li{font-size:15px !important}}.stk-e7df8d3{background-color:rgba(142,209,252,0.5) !important}.stk-e7df8d3:before{background-color:#8ed1fc !important}.stk-e7df8d3{padding-top:80px !important;padding-right:80px !important;padding-bottom:80px !important;padding-left:80px !important}.stk-e7df8d3 ol{list-style-type:decimal !important}.stk-e7df8d3{column-count:1 !important;column-gap:0px !important}.stk-e7df8d3 ul,.stk-e7df8d3 ol{padding-left:0px !important}.stk-e7df8d3 ul li{list-style-image:url('data:image\/svg+xml;base64,PHN2ZyBhcmlhLWhpZGRlbj0idHJ1ZSIgZm9jdXNhYmxlPSJmYWxzZSIgZGF0YS1wcmVmaXg9ImZhcyIgZGF0YS1pY29uPSJyZWNlaXB0IiBjbGFzcz0ic3ZnLWlubGluZS0tZmEgZmEtcmVjZWlwdCBmYS13LTEyIiByb2xlPSJpbWciIHhtbG5zPSJodHRwOi8vd3d3LnczLm9yZy8yMDAwL3N2ZyIgdmlld0JveD0iMCAwIDM4NCA1MTIiIHN0eWxlPSJmaWxsOiAjMDY5M2UzICFpbXBvcnRhbnQ7IGNvbG9yOiAjMDY5M2UzICFpbXBvcnRhbnQ7dHJhbnNmb3JtOiByb3RhdGUoMGRlZykgIWltcG9ydGFudDsiPjxwYXRoIGZpbGw9IiMwNjkzZTMiIGQ9Ik0zNTguNCAzLjJMMzIwIDQ4IDI2NS42IDMuMmExNS45IDE1LjkgMCAwIDAtMTkuMiAwTDE5MiA0OCAxMzcuNiAzLjJhMTUuOSAxNS45IDAgMCAwLTE5LjIgMEw2NCA0OCAyNS42IDMuMkMxNS00LjcgMCAyLjggMCAxNnY0ODBjMCAxMy4yIDE1IDIwLjcgMjUuNiAxMi44TDY0IDQ2NGw1NC40IDQ0LjhhMTUuOSAxNS45IDAgMCAwIDE5LjIgMEwxOTIgNDY0bDU0LjQgNDQuOGExNS45IDE1LjkgMCAwIDAgMTkuMiAwTDMyMCA0NjRsMzguNCA0NC44YzEwLjUgNy45IDI1LjYuNCAyNS42LTEyLjhWMTZjMC0xMy4yLTE1LTIwLjctMjUuNi0xMi44ek0zMjAgMzYwYzAgNC40LTMuNiA4LTggOEg3MmMtNC40IDAtOC0zLjYtOC04di0xNmMwLTQuNCAzLjYtOCA4LThoMjQwYzQuNCAwIDggMy42IDggOHYxNnptMC05NmMwIDQuNC0zLjYgOC04IDhINzJjLTQuNCAwLTgtMy42LTgtOHYtMTZjMC00LjQgMy42LTggOC04aDI0MGM0LjQgMCA4IDMuNiA4IDh2MTZ6bTAtOTZjMCA0LjQtMy42IDgtOCA4SDcyYy00LjQgMC04LTMuNi04LTh2LTE2YzAtNC40IDMuNi04IDgtOGgyNDBjNC40IDAgOCAzLjYgOCA4djE2eiIgc3Ryb2tlPSIjMDY5M2UzIiBzdHlsZT0iZmlsbDogcmdiKDYsIDE0NywgMjI3KTsgc3Ryb2tlOiByZ2IoNiwgMTQ3LCAyMjcpOyIvPjwvc3ZnPg==') !important}.stk-e7df8d3 li::marker{color:#0693e3 !important;font-size:4em !important}.stk-e7df8d3 ul li:nth-child(1){list-style-image:url('data:image\/svg+xml;base64,PHN2ZyBhcmlhLWhpZGRlbj0idHJ1ZSIgZm9jdXNhYmxlPSJmYWxzZSIgZGF0YS1wcmVmaXg9ImZhcyIgZGF0YS1pY29uPSJkaXNlYXNlIiBjbGFzcz0ic3ZnLWlubGluZS0tZmEgZmEtZGlzZWFzZSBmYS13LTE2IiByb2xlPSJpbWciIHhtbG5zPSJodHRwOi8vd3d3LnczLm9yZy8yMDAwL3N2ZyIgdmlld0JveD0iMCAwIDUxMiA1MTIiIHN0eWxlPSJmaWxsOiAjMDY5M2UzICFpbXBvcnRhbnQ7IGNvbG9yOiAjMDY5M2UzICFpbXBvcnRhbnQ7dHJhbnNmb3JtOiByb3RhdGUoMGRlZykgIWltcG9ydGFudDsiPjxwYXRoIGZpbGw9IiMwNjkzZTMiIGQ9Ik00NzIuMjkgMTk1LjlsLTY3LjA2LTIzYy0xOS4yOC02LjYtMzMuNTQtMjAuOTItMzguMTQtMzguMzFsLTE2LTYwLjQ1Yy0xMS41OC00My43Ny03Ni41Ny01Ny4xMy0xMTAtMjIuNjJMMTk1IDk5LjI0Yy0xMy4yNiAxMy43MS0zMy41NCAyMC45My01NC4yIDE5LjMxbC03MS45LTUuNjJjLTUyLTQuMDctODYuOTMgNDQuODktNTkgODIuODRsMzguNTQgNTIuNDJjMTEuMDggMTUuMDcgMTIuODIgMzMuODYgNC42NCA1MC4yNGwtMjguNDMgNTdDNCAzOTYuNjcgNDcuNDYgNDQwLjI5IDk4LjExIDQyOS4yM2w3MC0xNS4yOGMyMC4xMS00LjM5IDQxLjQ1IDAgNTcuMDcgMTEuNzNsNTQuMzIgNDAuODNjMzkuMzIgMjkuNTYgMTAxIDcuNTcgMTA0LjQ1LTM3LjIybDQuNy02MS44NmMxLjM1LTE3LjggMTIuOC0zMy44NyAzMC42My00M2w2Mi0zMS43NGM0NC44NC0yMi45NiAzOS41NS04MC4xNy04Ljk5LTk2Ljc5ek0xNjAgMjU2YTMyIDMyIDAgMSAxIDMyLTMyIDMyIDMyIDAgMCAxLTMyIDMyem0xMjggOTZhMzIgMzIgMCAxIDEgMzItMzIgMzIgMzIgMCAwIDEtMzIgMzJ6bTE2LTEyOGExNiAxNiAwIDEgMSAxNi0xNiAxNiAxNiAwIDAgMS0xNiAxNnoiIHN0cm9rZT0iIzA2OTNlMyIgc3R5bGU9ImZpbGw6IHJnYig2LCAxNDcsIDIyNyk7IHN0cm9rZTogcmdiKDYsIDE0NywgMjI3KTsiLz48L3N2Zz4=') !important}.stk-e7df8d3 ul li:nth-child(2){list-style-image:url('data:image\/svg+xml;base64,PHN2ZyBhcmlhLWhpZGRlbj0idHJ1ZSIgZm9jdXNhYmxlPSJmYWxzZSIgZGF0YS1wcmVmaXg9ImZhcyIgZGF0YS1pY29uPSJkaXNlYXNlIiBjbGFzcz0ic3ZnLWlubGluZS0tZmEgZmEtZGlzZWFzZSBmYS13LTE2IiByb2xlPSJpbWciIHhtbG5zPSJodHRwOi8vd3d3LnczLm9yZy8yMDAwL3N2ZyIgdmlld0JveD0iMCAwIDUxMiA1MTIiIHN0eWxlPSJmaWxsOiAjMDY5M2UzICFpbXBvcnRhbnQ7IGNvbG9yOiAjMDY5M2UzICFpbXBvcnRhbnQ7dHJhbnNmb3JtOiByb3RhdGUoMGRlZykgIWltcG9ydGFudDsiPjxwYXRoIGZpbGw9IiMwNjkzZTMiIGQ9Ik00NzIuMjkgMTk1LjlsLTY3LjA2LTIzYy0xOS4yOC02LjYtMzMuNTQtMjAuOTItMzguMTQtMzguMzFsLTE2LTYwLjQ1Yy0xMS41OC00My43Ny03Ni41Ny01Ny4xMy0xMTAtMjIuNjJMMTk1IDk5LjI0Yy0xMy4yNiAxMy43MS0zMy41NCAyMC45My01NC4yIDE5LjMxbC03MS45LTUuNjJjLTUyLTQuMDctODYuOTMgNDQuODktNTkgODIuODRsMzguNTQgNTIuNDJjMTEuMDggMTUuMDcgMTIuODIgMzMuODYgNC42NCA1MC4yNGwtMjguNDMgNTdDNCAzOTYuNjcgNDcuNDYgNDQwLjI5IDk4LjExIDQyOS4yM2w3MC0xNS4yOGMyMC4xMS00LjM5IDQxLjQ1IDAgNTcuMDcgMTEuNzNsNTQuMzIgNDAuODNjMzkuMzIgMjkuNTYgMTAxIDcuNTcgMTA0LjQ1LTM3LjIybDQuNy02MS44NmMxLjM1LTE3LjggMTIuOC0zMy44NyAzMC42My00M2w2Mi0zMS43NGM0NC44NC0yMi45NiAzOS41NS04MC4xNy04Ljk5LTk2Ljc5ek0xNjAgMjU2YTMyIDMyIDAgMSAxIDMyLTMyIDMyIDMyIDAgMCAxLTMyIDMyem0xMjggOTZhMzIgMzIgMCAxIDEgMzItMzIgMzIgMzIgMCAwIDEtMzIgMzJ6bTE2LTEyOGExNiAxNiAwIDEgMSAxNi0xNiAxNiAxNiAwIDAgMS0xNiAxNnoiIHN0cm9rZT0iIzA2OTNlMyIgc3R5bGU9ImZpbGw6IHJnYig2LCAxNDcsIDIyNyk7IHN0cm9rZTogcmdiKDYsIDE0NywgMjI3KTsiLz48L3N2Zz4=') !important}.stk-e7df8d3 ul li:nth-child(3){list-style-image:url('data:image\/svg+xml;base64,PHN2ZyBhcmlhLWhpZGRlbj0idHJ1ZSIgZm9jdXNhYmxlPSJmYWxzZSIgZGF0YS1wcmVmaXg9ImZhcyIgZGF0YS1pY29uPSJkaXNlYXNlIiBjbGFzcz0ic3ZnLWlubGluZS0tZmEgZmEtZGlzZWFzZSBmYS13LTE2IiByb2xlPSJpbWciIHhtbG5zPSJodHRwOi8vd3d3LnczLm9yZy8yMDAwL3N2ZyIgdmlld0JveD0iMCAwIDUxMiA1MTIiIHN0eWxlPSJmaWxsOiAjMDY5M2UzICFpbXBvcnRhbnQ7IGNvbG9yOiAjMDY5M2UzICFpbXBvcnRhbnQ7dHJhbnNmb3JtOiByb3RhdGUoMGRlZykgIWltcG9ydGFudDsiPjxwYXRoIGZpbGw9IiMwNjkzZTMiIGQ9Ik00NzIuMjkgMTk1LjlsLTY3LjA2LTIzYy0xOS4yOC02LjYtMzMuNTQtMjAuOTItMzguMTQtMzguMzFsLTE2LTYwLjQ1Yy0xMS41OC00My43Ny03Ni41Ny01Ny4xMy0xMTAtMjIuNjJMMTk1IDk5LjI0Yy0xMy4yNiAxMy43MS0zMy41NCAyMC45My01NC4yIDE5LjMxbC03MS45LTUuNjJjLTUyLTQuMDctODYuOTMgNDQuODktNTkgODIuODRsMzguNTQgNTIuNDJjMTEuMDggMTUuMDcgMTIuODIgMzMuODYgNC42NCA1MC4yNGwtMjguNDMgNTdDNCAzOTYuNjcgNDcuNDYgNDQwLjI5IDk4LjExIDQyOS4yM2w3MC0xNS4yOGMyMC4xMS00LjM5IDQxLjQ1IDAgNTcuMDcgMTEuNzNsNTQuMzIgNDAuODNjMzkuMzIgMjkuNTYgMTAxIDcuNTcgMTA0LjQ1LTM3LjIybDQuNy02MS44NmMxLjM1LTE3LjggMTIuOC0zMy44NyAzMC42My00M2w2Mi0zMS43NGM0NC44NC0yMi45NiAzOS41NS04MC4xNy04Ljk5LTk2Ljc5ek0xNjAgMjU2YTMyIDMyIDAgMSAxIDMyLTMyIDMyIDMyIDAgMCAxLTMyIDMyem0xMjggOTZhMzIgMzIgMCAxIDEgMzItMzIgMzIgMzIgMCAwIDEtMzIgMzJ6bTE2LTEyOGExNiAxNiAwIDEgMSAxNi0xNiAxNiAxNiAwIDAgMS0xNiAxNnoiIHN0cm9rZT0iIzA2OTNlMyIgc3R5bGU9ImZpbGw6IHJnYig2LCAxNDcsIDIyNyk7IHN0cm9rZTogcmdiKDYsIDE0NywgMjI3KTsiLz48L3N2Zz4=') !important}.stk-e7df8d3 ul li:nth-child(4){list-style-image:url('data:image\/svg+xml;base64,PHN2ZyBhcmlhLWhpZGRlbj0idHJ1ZSIgZm9jdXNhYmxlPSJmYWxzZSIgZGF0YS1wcmVmaXg9ImZhcyIgZGF0YS1pY29uPSJkaXNlYXNlIiBjbGFzcz0ic3ZnLWlubGluZS0tZmEgZmEtZGlzZWFzZSBmYS13LTE2IiByb2xlPSJpbWciIHhtbG5zPSJodHRwOi8vd3d3LnczLm9yZy8yMDAwL3N2ZyIgdmlld0JveD0iMCAwIDUxMiA1MTIiIHN0eWxlPSJmaWxsOiAjMDY5M2UzICFpbXBvcnRhbnQ7IGNvbG9yOiAjMDY5M2UzICFpbXBvcnRhbnQ7dHJhbnNmb3JtOiByb3RhdGUoMGRlZykgIWltcG9ydGFudDsiPjxwYXRoIGZpbGw9IiMwNjkzZTMiIGQ9Ik00NzIuMjkgMTk1LjlsLTY3LjA2LTIzYy0xOS4yOC02LjYtMzMuNTQtMjAuOTItMzguMTQtMzguMzFsLTE2LTYwLjQ1Yy0xMS41OC00My43Ny03Ni41Ny01Ny4xMy0xMTAtMjIuNjJMMTk1IDk5LjI0Yy0xMy4yNiAxMy43MS0zMy41NCAyMC45My01NC4yIDE5LjMxbC03MS45LTUuNjJjLTUyLTQuMDctODYuOTMgNDQuODktNTkgODIuODRsMzguNTQgNTIuNDJjMTEuMDggMTUuMDcgMTIuODIgMzMuODYgNC42NCA1MC4yNGwtMjguNDMgNTdDNCAzOTYuNjcgNDcuNDYgNDQwLjI5IDk4LjExIDQyOS4yM2w3MC0xNS4yOGMyMC4xMS00LjM5IDQxLjQ1IDAgNTcuMDcgMTEuNzNsNTQuMzIgNDAuODNjMzkuMzIgMjkuNTYgMTAxIDcuNTcgMTA0LjQ1LTM3LjIybDQuNy02MS44NmMxLjM1LTE3LjggMTIuOC0zMy44NyAzMC42My00M2w2Mi0zMS43NGM0NC44NC0yMi45NiAzOS41NS04MC4xNy04Ljk5LTk2Ljc5ek0xNjAgMjU2YTMyIDMyIDAgMSAxIDMyLTMyIDMyIDMyIDAgMCAxLTMyIDMyem0xMjggOTZhMzIgMzIgMCAxIDEgMzItMzIgMzIgMzIgMCAwIDEtMzIgMzJ6bTE2LTEyOGExNiAxNiAwIDEgMSAxNi0xNiAxNiAxNiAwIDAgMS0xNiAxNnoiIHN0cm9rZT0iIzA2OTNlMyIgc3R5bGU9ImZpbGw6IHJnYig2LCAxNDcsIDIyNyk7IHN0cm9rZTogcmdiKDYsIDE0NywgMjI3KTsiLz48L3N2Zz4=') !important}.stk-e7df8d3 ul li:nth-child(5){list-style-image:url('data:image\/svg+xml;base64,PHN2ZyBhcmlhLWhpZGRlbj0idHJ1ZSIgZm9jdXNhYmxlPSJmYWxzZSIgZGF0YS1wcmVmaXg9ImZhcyIgZGF0YS1pY29uPSJkaXNlYXNlIiBjbGFzcz0ic3ZnLWlubGluZS0tZmEgZmEtZGlzZWFzZSBmYS13LTE2IiByb2xlPSJpbWciIHhtbG5zPSJodHRwOi8vd3d3LnczLm9yZy8yMDAwL3N2ZyIgdmlld0JveD0iMCAwIDUxMiA1MTIiIHN0eWxlPSJmaWxsOiAjMDY5M2UzICFpbXBvcnRhbnQ7IGNvbG9yOiAjMDY5M2UzICFpbXBvcnRhbnQ7dHJhbnNmb3JtOiByb3RhdGUoMGRlZykgIWltcG9ydGFudDsiPjxwYXRoIGZpbGw9IiMwNjkzZTMiIGQ9Ik00NzIuMjkgMTk1LjlsLTY3LjA2LTIzYy0xOS4yOC02LjYtMzMuNTQtMjAuOTItMzguMTQtMzguMzFsLTE2LTYwLjQ1Yy0xMS41OC00My43Ny03Ni41Ny01Ny4xMy0xMTAtMjIuNjJMMTk1IDk5LjI0Yy0xMy4yNiAxMy43MS0zMy41NCAyMC45My01NC4yIDE5LjMxbC03MS45LTUuNjJjLTUyLTQuMDctODYuOTMgNDQuODktNTkgODIuODRsMzguNTQgNTIuNDJjMTEuMDggMTUuMDcgMTIuODIgMzMuODYgNC42NCA1MC4yNGwtMjguNDMgNTdDNCAzOTYuNjcgNDcuNDYgNDQwLjI5IDk4LjExIDQyOS4yM2w3MC0xNS4yOGMyMC4xMS00LjM5IDQxLjQ1IDAgNTcuMDcgMTEuNzNsNTQuMzIgNDAuODNjMzkuMzIgMjkuNTYgMTAxIDcuNTcgMTA0LjQ1LTM3LjIybDQuNy02MS44NmMxLjM1LTE3LjggMTIuOC0zMy44NyAzMC42My00M2w2Mi0zMS43NGM0NC44NC0yMi45NiAzOS41NS04MC4xNy04Ljk5LTk2Ljc5ek0xNjAgMjU2YTMyIDMyIDAgMSAxIDMyLTMyIDMyIDMyIDAgMCAxLTMyIDMyem0xMjggOTZhMzIgMzIgMCAxIDEgMzItMzIgMzIgMzIgMCAwIDEtMzIgMzJ6bTE2LTEyOGExNiAxNiAwIDEgMSAxNi0xNiAxNiAxNiAwIDAgMS0xNiAxNnoiIHN0cm9rZT0iIzA2OTNlMyIgc3R5bGU9ImZpbGw6IHJnYig2LCAxNDcsIDIyNyk7IHN0cm9rZTogcmdiKDYsIDE0NywgMjI3KTsiLz48L3N2Zz4=') !important}<\/style>","protected":false},"excerpt":{"rendered":"<p>Die Hedwig-Dohm-Oberschule koope\u00adriert seit 2012 mit der gemein\u00adn\u00fct\u00adzi\u00adgen Bil\u00addungs\u00ador\u00adga\u00adni\u00adsa\u00adti\u00adon&nbsp;Teach First Deutsch\u00adland. Teach First Deutsch\u00adland setzt sich f\u00fcr das Recht auf Bil\u00addung und fai\u00adre Chan\u00adcen f\u00fcr alle Kin\u00adder ein, weil Bil\u00addungs\u00adchan\u00adcen in Deutsch\u00adland unge\u00adrecht ver\u00adteilt sind. Denn wie erfolg\u00adreich ein Kind das Bil\u00addungs\u00adsys\u00adtem durch\u00adl\u00e4uft und ob es die Schu\u00adle mit einem guten Abschluss ver\u00adl\u00e4sst, h\u00e4ngt&nbsp;dabei<\/p>\n<p class=\"text-right\"><span class=\"screen-reader-text\">Wei\u00adter\u00adle\u00adsen \u2026 Teach First Deutsch\u00adland<\/span><a class=\"btn btn-secondary continue-reading\" href=\"https:\/\/hedwig-dohm-os.de\/01\/schule-2-2\/kooperationen\/teach-first-deutschland-ggmbh\/\">Wei\u00adter\u00adle\u00adsen \u2026<\/a><\/p>\n","protected":false},"author":1,"featured_media":5484,"parent":202,"menu_order":0,"comment_status":"closed","ping_status":"closed","template":"","meta":{"inline_featured_image":false,"wp_typography_post_enhancements_disabled":false,"advgb_blocks_editor_width":"","advgb_blocks_columns_visual_guide":"","footnotes":""},"class_list":["post-5532","page","type-page","status-publish","has-post-thumbnail","hentry"],"coauthors":[],"author_meta":{"author_link":"https:\/\/hedwig-dohm-os.de\/01\/author\/angelimudra\/","display_name":"admin"},"relative_dates":{"created":"Ver\u00f6ffentlicht 4\u00a0Jahren vor","modified":"Aktualisiert 4\u00a0Jahren vor"},"absolute_dates":{"created":"Ver\u00f6ffentlicht am 12. Januar 2022","modified":"Aktualisiert am 19. Februar 2022"},"absolute_dates_time":{"created":"Ver\u00f6ffentlicht am 12. Januar 2022 10:46","modified":"Aktualisiert am 19. Februar 2022 16:12"},"featured_img_caption":"","featured_img":"https:\/\/hedwig-dohm-os.de\/wp-content\/uploads\/2022\/01\/kooperation-feature.jpg","series_order":"","_links":{"self":[{"href":"https:\/\/hedwig-dohm-os.de\/01\/wp-json\/wp\/v2\/pages\/5532","targetHints":{"allow":["GET"]}}],"collection":[{"href":"https:\/\/hedwig-dohm-os.de\/01\/wp-json\/wp\/v2\/pages"}],"about":[{"href":"https:\/\/hedwig-dohm-os.de\/01\/wp-json\/wp\/v2\/types\/page"}],"author":[{"embeddable":true,"href":"https:\/\/hedwig-dohm-os.de\/01\/wp-json\/wp\/v2\/users\/1"}],"replies":[{"embeddable":true,"href":"https:\/\/hedwig-dohm-os.de\/01\/wp-json\/wp\/v2\/comments?post=5532"}],"version-history":[{"count":0,"href":"https:\/\/hedwig-dohm-os.de\/01\/wp-json\/wp\/v2\/pages\/5532\/revisions"}],"up":[{"embeddable":true,"href":"https:\/\/hedwig-dohm-os.de\/01\/wp-json\/wp\/v2\/pages\/202"}],"wp:featuredmedia":[{"embeddable":true,"href":"https:\/\/hedwig-dohm-os.de\/01\/wp-json\/wp\/v2\/media\/5484"}],"wp:attachment":[{"href":"https:\/\/hedwig-dohm-os.de\/01\/wp-json\/wp\/v2\/media?parent=5532"}],"curies":[{"name":"wp","href":"https:\/\/api.w.org\/{rel}","templated":true}]}}