{"id":162,"date":"2017-05-03T11:56:16","date_gmt":"2017-05-03T11:56:16","guid":{"rendered":"http:\/\/hdo.part.berlin\/?page_id=162"},"modified":"2026-03-25T11:39:07","modified_gmt":"2026-03-25T11:39:07","slug":"impressum","status":"publish","type":"page","link":"https:\/\/hedwig-dohm-os.de\/01\/impressum\/","title":{"rendered":"Impressum"},"content":{"rendered":"\n<div class=\"wp-block-advgb-infobox advgb-infobox-wrapper has-text-align-left advgb-infobox-4a460f3b-50c6-4318-9cd4-c4e6735ea49b\"><div class=\"advgb-infobox-wrap\"><div class=\"advgb-infobox-icon-container\"><div class=\"advgb-infobox-icon-inner-container\"><i class=\"material-icons-outlined\">fin\u00adger\u00adprint<\/i><\/div><\/div><div class=\"advgb-infobox-textcontent\"><h3 class=\"advgb-infobox-title\">Hedwig-Dohm-Oberschule<\/h3><p class=\"advgb-infobox-text\"><br>Ste\u00adphan\u00adstr. 27<br>10559 Ber\u00adlin<br><br><strong>Tele\u00adfon<\/strong>: 03038377131<br><strong>Tele\u00adfax<\/strong>: 03038377130<br><strong>E\u2011Mail<\/strong>: 01k09@01k09.schule.berlin.de<br><br><strong>Ver\u00adtre\u00adten durch<\/strong>:<br>Fr. Uhl\u00admann (Schul\u00adlei\u00adte\u00adrin)<br>Hr. Win\u00adter (stellv. Schul\u00adlei\u00adter)<br><br><strong>Berufs\u00adbe\u00adzeich\u00adnung<\/strong>: Sekun\u00addar\u00adschul\u00addi\u00adrek\u00adto\u00adrin<br><br>Ver\u00adant\u00adwort\u00adlich f\u00fcr den Inhalt nach \u00a755 Abs. 2&nbsp;RStV: Fr. Uhl\u00admann, Schul\u00adlei\u00adte\u00adrin<br><br><strong>Daten\u00adschutz\u00adbe\u00adauf\u00adtrag\u00adte<\/strong>: Fr. Ari\u00adte Vet\u00adter, arite.vetter@senbjf.berlin.de<\/p><\/div><\/div><\/div>\n\n\n\n<p><\/p>\n<style class=\"advgb-styles-renderer\">#advgb-infobox-4a460f3b-50c6-4318-9cd4-c4e6735ea49b, .advgb-infobox-4a460f3b-50c6-4318-9cd4-c4e6735ea49b {background-color: #f1fcff;padding: 20px 20px 20px 20px;border: 0px solid #e8e8e8 ;border-radius: 0px;}#advgb-infobox-4a460f3b-50c6-4318-9cd4-c4e6735ea49b .advgb-infobox-icon-container, .advgb-infobox-4a460f3b-50c6-4318-9cd4-c4e6735ea49b .advgb-infobox-icon-container {background-color: #8ed1fc;padding: 0;margin: 0;border: 0px solid #e8e8e8 ;border-radius: 0px;}#advgb-infobox-4a460f3b-50c6-4318-9cd4-c4e6735ea49b .advgb-infobox-icon-container i, .advgb-infobox-4a460f3b-50c6-4318-9cd4-c4e6735ea49b .advgb-infobox-icon-container i {color: #ffffff;font-size: 38px;display: block;}#advgb-infobox-4a460f3b-50c6-4318-9cd4-c4e6735ea49b .advgb-infobox-textcontent .advgb-infobox-title, .advgb-infobox-4a460f3b-50c6-4318-9cd4-c4e6735ea49b .advgb-infobox-textcontent .advgb-infobox-title {color: #0693e3;padding: 0;margin: 5px 0 10px 0;white-space: pre-wrap;}#advgb-infobox-4a460f3b-50c6-4318-9cd4-c4e6735ea49b .advgb-infobox-textcontent .advgb-infobox-text, .advgb-infobox-4a460f3b-50c6-4318-9cd4-c4e6735ea49b .advgb-infobox-textcontent .advgb-infobox-text {color: #0693e3;padding: 0;margin: 0;white-space: pre-wrap;}<\/style>","protected":false},"excerpt":{"rendered":"","protected":false},"author":1,"featured_media":0,"parent":0,"menu_order":0,"comment_status":"closed","ping_status":"closed","template":"","meta":{"inline_featured_image":false,"wp_typography_post_enhancements_disabled":false,"advgb_blocks_editor_width":"","advgb_blocks_columns_visual_guide":"","footnotes":""},"class_list":["post-162","page","type-page","status-publish","hentry"],"coauthors":[],"author_meta":{"author_link":"https:\/\/hedwig-dohm-os.de\/01\/author\/angelimudra\/","display_name":"admin"},"relative_dates":{"created":"Ver\u00f6ffentlicht 9\u00a0Jahren vor","modified":"Aktualisiert 1\u00a0Monat vor"},"absolute_dates":{"created":"Ver\u00f6ffentlicht am 3. Mai 2017","modified":"Aktualisiert am 25. M\u00e4rz 2026"},"absolute_dates_time":{"created":"Ver\u00f6ffentlicht am 3. Mai 2017 11:56","modified":"Aktualisiert am 25. M\u00e4rz 2026 11:39"},"featured_img_caption":"","featured_img":false,"series_order":"","_links":{"self":[{"href":"https:\/\/hedwig-dohm-os.de\/01\/wp-json\/wp\/v2\/pages\/162","targetHints":{"allow":["GET"]}}],"collection":[{"href":"https:\/\/hedwig-dohm-os.de\/01\/wp-json\/wp\/v2\/pages"}],"about":[{"href":"https:\/\/hedwig-dohm-os.de\/01\/wp-json\/wp\/v2\/types\/page"}],"author":[{"embeddable":true,"href":"https:\/\/hedwig-dohm-os.de\/01\/wp-json\/wp\/v2\/users\/1"}],"replies":[{"embeddable":true,"href":"https:\/\/hedwig-dohm-os.de\/01\/wp-json\/wp\/v2\/comments?post=162"}],"version-history":[{"count":2,"href":"https:\/\/hedwig-dohm-os.de\/01\/wp-json\/wp\/v2\/pages\/162\/revisions"}],"predecessor-version":[{"id":12632,"href":"https:\/\/hedwig-dohm-os.de\/01\/wp-json\/wp\/v2\/pages\/162\/revisions\/12632"}],"wp:attachment":[{"href":"https:\/\/hedwig-dohm-os.de\/01\/wp-json\/wp\/v2\/media?parent=162"}],"curies":[{"name":"wp","href":"https:\/\/api.w.org\/{rel}","templated":true}]}}