{"id":12599,"date":"2026-03-16T11:46:59","date_gmt":"2026-03-16T11:46:59","guid":{"rendered":"https:\/\/hedwig-dohm-os.de\/01\/cookie-richtlinie-eu\/"},"modified":"2026-03-16T11:46:59","modified_gmt":"2026-03-16T11:46:59","slug":"cookie-richtlinie-eu","status":"publish","type":"page","link":"https:\/\/hedwig-dohm-os.de\/01\/cookie-richtlinie-eu\/","title":{"rendered":"Cookie-Richtlinie (EU)"},"content":{"rendered":"\n<!-- Legal document generated by Complianz | GDPR\/CCPA Cookie Consent https:\/\/wordpress.org\/plugins\/complianz-gdpr -->\n<div id=\"cmplz-document\" class=\"cmplz-document cookie-statement cmplz-document-eu\"><p><i>Die\u00adse Cookie-Richtlinie wur\u00adde zuletzt am 16. M\u00e4rz 2026 aktua\u00adli\u00adsiert und gilt f\u00fcr B\u00fcr\u00adger und Ein\u00adwoh\u00adner mit st\u00e4n\u00addi\u00adgem Wohn\u00adsitz im Euro\u00adp\u00e4i\u00adschen Wirt\u00adschafts\u00adraum und der Schweiz.<\/i><br><\/p><h2>1. Einf\u00fchrung<\/h2><p>Unse\u00adre Web\u00adsite, <a href=\"https:\/\/hedwig-dohm-os.de\/01\">https:\/\/hedwig-dohm-os.de\/01<\/a> (im fol\u00adgen\u00adden: \u201cDie Web\u00adsite\u201d) ver\u00adwen\u00addet Coo\u00adkies und \u00e4hn\u00adli\u00adche Tech\u00adno\u00adlo\u00adgien (der Ein\u00adfach\u00adheit hal\u00adber wer\u00adden all die\u00adse unter \u201cCoo\u00adkies\u201d zusam\u00admen\u00adge\u00adfasst). Coo\u00adkies wer\u00adden au\u00dfer\u00addem von uns beauf\u00adtrag\u00adten Dritt\u00adpar\u00adtei\u00aden plat\u00adziert. In dem unten ste\u00adhen\u00addem Doku\u00adment infor\u00admie\u00adren wir dich \u00fcber die Ver\u00adwen\u00addung von Coo\u00adkies auf unse\u00adrer Website.<\/p><h2>2. Was sind Cookies?<\/h2><p>Ein Coo\u00adkie ist eine ein\u00adfa\u00adche klei\u00adne Datei, die gemein\u00adsam mit den Sei\u00adten einer Inter\u00adnet\u00adadres\u00adse ver\u00adsen\u00addet und vom Web\u00adbrow\u00adser auf dem PC oder einem ande\u00adren Ger\u00e4t gespei\u00adchert wer\u00adden kann. Die dar\u00adin gespei\u00adcher\u00adten Infor\u00adma\u00adtio\u00adnen k\u00f6n\u00adnen w\u00e4h\u00adrend fol\u00adgen\u00adder Besu\u00adche zu unse\u00adren oder den Ser\u00advern rele\u00advan\u00adter Dritt\u00adan\u00adbie\u00adter gesen\u00addet werden.<\/p><h2>3. Was sind Skripte?<\/h2><p>Ein Script ist ein St\u00fcck Pro\u00adgramm\u00adcode, das benutzt wird, um unse\u00adrer Web\u00adsite Funk\u00adtio\u00adna\u00adli\u00adt\u00e4t und Inter\u00adak\u00adti\u00advi\u00adt\u00e4t zu erm\u00f6g\u00adli\u00adchen. Die\u00adser Code wird auf unse\u00adren Ser\u00advern oder auf dei\u00adnem Ger\u00e4t ausgef\u00fchrt.<\/p><h2>4. Was ist ein Web Beacon?<\/h2><p>Ein Web-Beacon (auch Pixel-Tag genannt), ist ein klei\u00adnes unsicht\u00adba\u00adres Text\u00adfrag\u00adment oder Bild auf einer Web\u00adsite, das benutzt wird, um den Ver\u00adkehr auf der Web\u00adsite zu \u00fcber\u00adwa\u00adchen. Um dies zu erm\u00f6g\u00adli\u00adchen wer\u00adden diver\u00adse Daten von dir mit\u00adtels Web-Beacons gespeichert.<\/p><h2>5. Cookies<\/h2><p class=\"cmplz-subtitle\">5.1 Tech\u00adni\u00adsche oder funk\u00adtio\u00adnel\u00adle Cookies<\/p><p>Eini\u00adge Coo\u00adkies stel\u00adlen sicher, dass bestimm\u00adte Tei\u00adle der Web\u00adsite ord\u00adnungs\u00adge\u00adm\u00e4\u00df funk\u00adtio\u00adnie\u00adren und dei\u00adne Benut\u00adzer\u00adein\u00adstel\u00adlun\u00adgen wei\u00adter\u00adhin in Erin\u00adne\u00adrung blei\u00adben. Durch das Set\u00adzen funk\u00adtio\u00adna\u00adler Coo\u00adkies erleich\u00adtern wir dir den Besuch unse\u00adrer Web\u00adsite. Auf die\u00adse Wei\u00adse musst du beim Besuch unse\u00adrer Web\u00adsite nicht wie\u00adder\u00adholt die\u00adsel\u00adben Infor\u00adma\u00adtio\u00adnen ein\u00adge\u00adben, so blei\u00adben Arti\u00adkel bei\u00adspiels\u00adwei\u00adse in dei\u00adnem Waren\u00adkorb, bis du bezahlst. Wir k\u00f6n\u00adnen die\u00adse Coo\u00adkies ohne dei\u00adne Ein\u00adwil\u00adli\u00adgung platzieren.<\/p><p class=\"cmplz-subtitle\">5.2 Ana\u00adly\u00adti\u00adsche Cookies<\/p><p>Wir ver\u00adwen\u00adden ana\u00adly\u00adti\u00adsche Coo\u00adkies, um das Website-Erlebnis f\u00fcr unse\u00adre Nut\u00adzer zu opti\u00admie\u00adren. Mit die\u00adsen ana\u00adly\u00adti\u00adschen Coo\u00adkies erhal\u00adten wir Ein\u00adbli\u00adcke in die Nut\u00adzung unse\u00adrer Web\u00adsite.&nbsp;Wir bit\u00adten um dei\u00adne Erlaub\u00adnis, ana\u00adly\u00adti\u00adsche Coo\u00adkies zu setzen.<\/p><h2>6. Platzierte Cookies<\/h2><div id=\"cmplz-cookies-overview\"><details class=\"cmplz-dropdown cmplz-service-desc cmplz-dropdown-cookiepolicy \">\n\t<summary class=\"cmplz-service-header\"><div>\n\t\t<h3>WordPress<\/h3>\n\t\t<p>Func\u00adtion\u00adal<\/p>\n\t\t<label for=\"cmplz_service_wordpress\" class=\"cmplz_consent_per_service_label\"><span class=\"screen-reader-text\">Con\u00adsent to ser\u00advice wordpress<\/span><\/label>\n\t\t<input type=\"checkbox\" id=\"cmplz_service_wordpress\" class=\"cmplz-accept-service cmplz-hidden\" data-service=\"wordpress\" data-category=\"functional\"><\/div>\n\t<\/summary>\n\t<div class=\"cmplz-service-description\">\n\t\t<h4>Verwendung<\/h4>\n\t\t<p>Wir ver\u00adwen\u00adden Word\u00adPress f\u00fcr web\u00adsite deve\u00adlo\u00adp\u00adment. <a target=\"_blank\" rel=\"noopener noreferrer nofollow\" href=\"https:\/\/cookiedatabase.org\/service\/wordpress\/\">Wei\u00adte\u00adre Infor\u00adma\u00adtio\u00adnen zu WordPress<\/a><\/p>\n\t<\/div>\n\t<div class=\"cmplz-sharing-data\">\n\t\t<h4>Weitergabe von&nbsp;Daten<\/h4>\n\t\t<p>Die\u00adse Daten wer\u00adden nicht an Drit\u00adte weitergegeben.<\/p>\n\t<\/div>\n\t<div class=\"cookies-per-purpose\">\n    <div class=\"purpose\"><h4>Functional<\/h4><\/div>\n    <div class=\"name-header\">\n\t<h5>Name<\/h5>\n<\/div>\n<div class=\"name\"><a target=\"_blank\" rel=\"noopener noreferrer nofollow\" href=\"https:\/\/cookiedatabase.org\/cookie\/wordpress\/wpemojisettingssupports\/\">wpE\u00admo\u00adji\u00adSet\u00adtings\u00adSup\u00adports<\/a><\/div>\n<div class=\"retention-header\">\n\t<h5>Ablaufdatum<\/h5>\n<\/div>\n<div class=\"retention\">ses\u00adsi\u00adon<\/div>\n<div class=\"function-header\">\n\t<h5>Funktion<\/h5>\n<\/div>\n<div class=\"function\">Store brow\u00adser details<\/div>\n<div class=\"name-header\">\n\t<h5>Name<\/h5>\n<\/div>\n<div class=\"name\"><a target=\"_blank\" rel=\"noopener noreferrer nofollow\" href=\"https:\/\/cookiedatabase.org\/cookie\/wordpress\/wp-settings\/\">wp-settings-*<\/a><\/div>\n<div class=\"retention-header\">\n\t<h5>Ablaufdatum<\/h5>\n<\/div>\n<div class=\"retention\">per\u00adsis\u00adtent<\/div>\n<div class=\"function-header\">\n\t<h5>Funktion<\/h5>\n<\/div>\n<div class=\"function\">Store user preferences<\/div>\n<div class=\"name-header\">\n\t<h5>Name<\/h5>\n<\/div>\n<div class=\"name\"><a target=\"_blank\" rel=\"noopener noreferrer nofollow\" href=\"https:\/\/cookiedatabase.org\/cookie\/wordpress\/wordpress_test_cookie\/\">wordpress_test_cookie<\/a><\/div>\n<div class=\"retention-header\">\n\t<h5>Ablaufdatum<\/h5>\n<\/div>\n<div class=\"retention\">ses\u00adsi\u00adon<\/div>\n<div class=\"function-header\">\n\t<h5>Funktion<\/h5>\n<\/div>\n<div class=\"function\">Read if coo\u00adkies can be placed<\/div>\n<div class=\"name-header\">\n\t<h5>Name<\/h5>\n<\/div>\n<div class=\"name\"><a target=\"_blank\" rel=\"noopener noreferrer nofollow\" href=\"https:\/\/cookiedatabase.org\/cookie\/wordpress\/wordpress_logged_in_\/\">wordpress_logged_in_*<\/a><\/div>\n<div class=\"retention-header\">\n\t<h5>Ablaufdatum<\/h5>\n<\/div>\n<div class=\"retention\">per\u00adsis\u00adtent<\/div>\n<div class=\"function-header\">\n\t<h5>Funktion<\/h5>\n<\/div>\n<div class=\"function\">Store log\u00adged in&nbsp;users<\/div>\n\n<\/div>\n<\/details>\n<details class=\"cmplz-dropdown cmplz-service-desc cmplz-dropdown-cookiepolicy \">\n\t<summary class=\"cmplz-service-header\"><div>\n\t\t<h3>Sonstiges<\/h3>\n\t\t<p>Gegen\u00adstand der Untersuchung<\/p>\n\t\t<label for=\"cmplz_service_sonstiges\" class=\"cmplz_consent_per_service_label\"><span class=\"screen-reader-text\">Con\u00adsent to ser\u00advice sonstiges<\/span><\/label>\n\t\t<input type=\"checkbox\" id=\"cmplz_service_sonstiges\" class=\"cmplz-accept-service cmplz-hidden\" data-service=\"sonstiges\" data-category=\"functional\"><\/div>\n\t<\/summary>\n\t<div class=\"cmplz-service-description\">\n\t\t<h4>Verwendung<\/h4>\n\t\t<p><\/p>\n\t<\/div>\n\t<div class=\"cmplz-sharing-data\">\n\t\t<h4>Weitergabe von&nbsp;Daten<\/h4>\n\t\t<p>Die Wei\u00adter\u00adga\u00adbe von Daten wird noch untersucht<\/p>\n\t<\/div>\n\t<div class=\"cookies-per-purpose\">\n    <div class=\"purpose\"><h4>Gegenstand der Untersuchung<\/h4><\/div>\n    <div class=\"name-header\">\n\t<h5>Name<\/h5>\n<\/div>\n<div class=\"name\">scrol\u00adlY<\/div>\n<div class=\"retention-header\">\n\t<h5>Ablaufdatum<\/h5>\n<\/div>\n<div class=\"retention\"><\/div>\n<div class=\"function-header\">\n\t<h5>Funktion<\/h5>\n<\/div>\n<div class=\"function\"><\/div>\n<div class=\"name-header\">\n\t<h5>Name<\/h5>\n<\/div>\n<div class=\"name\">scrollX<\/div>\n<div class=\"retention-header\">\n\t<h5>Ablaufdatum<\/h5>\n<\/div>\n<div class=\"retention\"><\/div>\n<div class=\"function-header\">\n\t<h5>Funktion<\/h5>\n<\/div>\n<div class=\"function\"><\/div>\n<div class=\"name-header\">\n\t<h5>Name<\/h5>\n<\/div>\n<div class=\"name\">wp-settings-time\u20111<\/div>\n<div class=\"retention-header\">\n\t<h5>Ablaufdatum<\/h5>\n<\/div>\n<div class=\"retention\"><\/div>\n<div class=\"function-header\">\n\t<h5>Funktion<\/h5>\n<\/div>\n<div class=\"function\"><\/div>\n<div class=\"name-header\">\n\t<h5>Name<\/h5>\n<\/div>\n<div class=\"name\">cmplz_functional<\/div>\n<div class=\"retention-header\">\n\t<h5>Ablaufdatum<\/h5>\n<\/div>\n<div class=\"retention\">365 Tage<\/div>\n<div class=\"function-header\">\n\t<h5>Funktion<\/h5>\n<\/div>\n<div class=\"function\"><\/div>\n<div class=\"name-header\">\n\t<h5>Name<\/h5>\n<\/div>\n<div class=\"name\">cmplz_statistics<\/div>\n<div class=\"retention-header\">\n\t<h5>Ablaufdatum<\/h5>\n<\/div>\n<div class=\"retention\">365 Tage<\/div>\n<div class=\"function-header\">\n\t<h5>Funktion<\/h5>\n<\/div>\n<div class=\"function\"><\/div>\n<div class=\"name-header\">\n\t<h5>Name<\/h5>\n<\/div>\n<div class=\"name\">cmplz_preferences<\/div>\n<div class=\"retention-header\">\n\t<h5>Ablaufdatum<\/h5>\n<\/div>\n<div class=\"retention\">365 Tage<\/div>\n<div class=\"function-header\">\n\t<h5>Funktion<\/h5>\n<\/div>\n<div class=\"function\"><\/div>\n<div class=\"name-header\">\n\t<h5>Name<\/h5>\n<\/div>\n<div class=\"name\">cmplz_marketing<\/div>\n<div class=\"retention-header\">\n\t<h5>Ablaufdatum<\/h5>\n<\/div>\n<div class=\"retention\">365 Tage<\/div>\n<div class=\"function-header\">\n\t<h5>Funktion<\/h5>\n<\/div>\n<div class=\"function\"><\/div>\n<div class=\"name-header\">\n\t<h5>Name<\/h5>\n<\/div>\n<div class=\"name\">WP_PREFERENCES_USER_1<\/div>\n<div class=\"retention-header\">\n\t<h5>Ablaufdatum<\/h5>\n<\/div>\n<div class=\"retention\"><\/div>\n<div class=\"function-header\">\n\t<h5>Funktion<\/h5>\n<\/div>\n<div class=\"function\"><\/div>\n<div class=\"name-header\">\n\t<h5>Name<\/h5>\n<\/div>\n<div class=\"name\">WP_DATA_USER_1<\/div>\n<div class=\"retention-header\">\n\t<h5>Ablaufdatum<\/h5>\n<\/div>\n<div class=\"retention\"><\/div>\n<div class=\"function-header\">\n\t<h5>Funktion<\/h5>\n<\/div>\n<div class=\"function\"><\/div>\n<div class=\"name-header\">\n\t<h5>Name<\/h5>\n<\/div>\n<div class=\"name\">stk__design_library__block-list__selected<\/div>\n<div class=\"retention-header\">\n\t<h5>Ablaufdatum<\/h5>\n<\/div>\n<div class=\"retention\"><\/div>\n<div class=\"function-header\">\n\t<h5>Funktion<\/h5>\n<\/div>\n<div class=\"function\"><\/div>\n<div class=\"name-header\">\n\t<h5>Name<\/h5>\n<\/div>\n<div class=\"name\">gmP\u00adre\u00adset\u00adCur\u00adrent\u00adTab<\/div>\n<div class=\"retention-header\">\n\t<h5>Ablaufdatum<\/h5>\n<\/div>\n<div class=\"retention\"><\/div>\n<div class=\"function-header\">\n\t<h5>Funktion<\/h5>\n<\/div>\n<div class=\"function\"><\/div>\n<div class=\"name-header\">\n\t<h5>Name<\/h5>\n<\/div>\n<div class=\"name\">cmplz_consented_services<\/div>\n<div class=\"retention-header\">\n\t<h5>Ablaufdatum<\/h5>\n<\/div>\n<div class=\"retention\">365 Tage<\/div>\n<div class=\"function-header\">\n\t<h5>Funktion<\/h5>\n<\/div>\n<div class=\"function\"><\/div>\n<div class=\"name-header\">\n\t<h5>Name<\/h5>\n<\/div>\n<div class=\"name\">cmplz_policy_id<\/div>\n<div class=\"retention-header\">\n\t<h5>Ablaufdatum<\/h5>\n<\/div>\n<div class=\"retention\">365 Tage<\/div>\n<div class=\"function-header\">\n\t<h5>Funktion<\/h5>\n<\/div>\n<div class=\"function\"><\/div>\n<div class=\"name-header\">\n\t<h5>Name<\/h5>\n<\/div>\n<div class=\"name\">cmplz_banner-status<\/div>\n<div class=\"retention-header\">\n\t<h5>Ablaufdatum<\/h5>\n<\/div>\n<div class=\"retention\">365 Tage<\/div>\n<div class=\"function-header\">\n\t<h5>Funktion<\/h5>\n<\/div>\n<div class=\"function\"><\/div>\n\n<\/div>\n<\/details>\n<\/div><h2>7. Einwilligung<\/h2><p>Wenn du unse\u00adre Web\u00adsite das ers\u00adte Mal besuchst, zei\u00adgen wir dir ein Pop-Up mit einer Erkl\u00e4\u00adrung \u00fcber Coo\u00adkies. Sobald du auf \u201eEin\u00adstel\u00adlun\u00adgen spei\u00adchern\u201c klickst, gibst du uns dei\u00adne Ein\u00adwil\u00adli\u00adgung alle von dir gew\u00e4hl\u00adten Kate\u00adgo\u00adrien von Coo\u00adkies und Plug\u00adins wie in die\u00adser Cookie-Erkl\u00e4rung beschrie\u00adben zu ver\u00adwen\u00adden. Du kannst die Ver\u00adwen\u00addung von Coo\u00adkies \u00fcber dei\u00adnen Brow\u00adser deak\u00adti\u00advie\u00adren, aber bit\u00adte beach\u00adte, dass unse\u00adre Web\u00adsite dann unter Umst\u00e4n\u00adden nicht rich\u00adtig funktioniert.<\/p><p class=\"cmplz-subtitle\">7.1 Ver\u00adwal\u00adte dei\u00adne Einwilligungseinstellungen<\/p><div id=\"cmplz-manage-consent-container-nojavascript\">Du hast die Cookie-Richtlinie ohne Javascript-Unterst\u00fctzung gela\u00adden.&nbsp;Unter AMP kannst du den But\u00adton zum Zustim\u00admen der Ein\u00adwil\u00adli\u00adgung unten auf der Sei\u00adte verwenden.<\/div><div id=\"cmplz-manage-consent-container\" name=\"cmplz-manage-consent-container\" class=\"cmplz-manage-consent-container\"><\/div><h2>8. Aktivierung\/Deaktivierung und L\u00f6schen von Cookies<\/h2><p>Du kannst dei\u00adnen Inter\u00adnet\u00adbrow\u00adser ver\u00adwen\u00adden um auto\u00adma\u00adtisch oder manu\u00adell Coo\u00adkies zu l\u00f6schen. Du kannst au\u00dfer\u00addem spe\u00adzi\u00adfi\u00adzie\u00adren ob spe\u00adzi\u00adel\u00adle Coo\u00adkies nicht plat\u00adziert wer\u00adden sol\u00adlen. Eine ande\u00adre M\u00f6g\u00adlich\u00adkeit ist es dei\u00adnen Inter\u00adnet\u00adbrow\u00adser der\u00adart ein\u00adzu\u00adrich\u00adten, dass du jedes Mal benach\u00adrich\u00adtigt wirst, wenn ein Coo\u00adkie plat\u00adziert wird. F\u00fcr wei\u00adte\u00adre Infor\u00adma\u00adti\u00adon \u00fcber die\u00adse M\u00f6g\u00adlich\u00adkei\u00adten beach\u00adte die Anwei\u00adsun\u00adgen in der Hilf\u00ade\u00adsek\u00adti\u00adon dei\u00adnes Browsers.<\/p><p>Bit\u00adte nimm zur Kennt\u00adnis, dass unse\u00adre Web\u00adsite m\u00f6g\u00adli\u00adcher\u00adwei\u00adse nicht rich\u00adtig funk\u00adtio\u00adniert, wenn alle Coo\u00adkies deak\u00adti\u00adviert sind. Wenn du die Coo\u00adkies in dei\u00adnem Brow\u00adser l\u00f6scht, wer\u00adden die\u00adse neu plat\u00adziert, wenn du unse\u00adre Web\u00adsite erneut besuchst.<\/p><h2>9. Deine Rechte in Bezug auf personenbezogene Daten<\/h2><p>Du hast fol\u00adgen\u00adde Rech\u00adte in Bezug auf dei\u00adne per\u00adso\u00adnen\u00adbe\u00adzo\u00adge\u00adnen&nbsp;Daten:<\/p><ul>\n                    <li>Du hast das Recht zu erfah\u00adren, war\u00adum dei\u00adne per\u00adso\u00adnen\u00adbe\u00adzo\u00adge\u00adnen Daten ben\u00f6\u00adtigt wer\u00adden, was damit pas\u00adsiert und wie lan\u00adge sie auf\u00adbe\u00adwahrt werden.<\/li>\n                    <li>Aus\u00adkunfts\u00adrecht: Du hast das Recht dei\u00adne uns bekann\u00adten per\u00ads\u00f6n\u00adli\u00adche Daten einzusehen.&nbsp;<\/li>\n                    <li>Recht auf Berich\u00adti\u00adgung: Du hast das Recht wann immer du w\u00fcnscht, dei\u00adne per\u00adso\u00adnen\u00adbe\u00adzo\u00adge\u00adnen Daten zu erg\u00e4n\u00adzen, zu kor\u00adri\u00adgie\u00adren sowie gel\u00f6scht oder blo\u00adckiert zu bekommen.<\/li>\n                    <li>Wenn du uns dei\u00adne Ein\u00adwil\u00adli\u00adgung zur Ver\u00adar\u00adbei\u00adtung dei\u00adner Daten erteilst, hast du das Recht die\u00adse Ein\u00adwil\u00adli\u00adgung zu wider\u00adru\u00adfen und dei\u00adne per\u00adso\u00adnen\u00adbe\u00adzo\u00adge\u00adnen Daten l\u00f6schen zu lassen.<\/li>\n                    <li>Recht auf Daten\u00ad\u00fcber\u00adtrag\u00adbar\u00adkeit: Du hast das Recht, alle dei\u00adne per\u00adso\u00adnen\u00adbe\u00adzo\u00adge\u00adnen Daten von dem f\u00fcr die Ver\u00adar\u00adbei\u00adtung Ver\u00adant\u00adwort\u00adli\u00adchen anzu\u00adfor\u00addern und sie voll\u00adst\u00e4n\u00addig an einen ande\u00adren f\u00fcr die Ver\u00adar\u00adbei\u00adtung Ver\u00adant\u00adwort\u00adli\u00adchen zu \u00fcbermitteln.<\/li>\n                    <li>Wider\u00adspruchs\u00adrecht: Du kannst der Ver\u00adar\u00adbei\u00adtung dei\u00adner Daten wider\u00adspre\u00adchen. Wir ent\u00adspre\u00adchen dem, es sei denn es gibt berech\u00adtig\u00adte Gr\u00fcn\u00adde f\u00fcr die Verarbeitung.<\/li>\n                <\/ul><p>Um die\u00adse Rech\u00adte aus\u00adzu\u00ad\u00fcben kon\u00adtak\u00adtie\u00adre uns bit\u00adte. Bit\u00adte bezie\u00adhe dich auf die Kon\u00adtakt\u00adda\u00adten am Ende die\u00adser Cookie-Erkl\u00e4rung. Wenn du eine Beschwer\u00adde dar\u00ad\u00fcber hast, wie wir dei\u00adne Daten behan\u00addeln, w\u00fcr\u00adden wir die\u00adse ger\u00adne h\u00f6ren, aber du hast auch das Recht die\u00adse an die Auf\u00adsichts\u00adbe\u00adh\u00f6r\u00adde (Daten\u00adschutz\u00adbe\u00adh\u00f6r\u00adde) zu richten.<\/p><h2>10. Kontaktdaten<\/h2><p>F\u00fcr Fra\u00adgen und\/oder Kom\u00admen\u00adta\u00adre \u00fcber unse\u00adre Cookie-Richtlinien und die\u00adse Aus\u00adsa\u00adge kon\u00adtak\u00adtie\u00adre uns bit\u00adte mit\u00adtels der fol\u00adgen\u00adden Kontaktdaten:<\/p><p><span class=\"cmplz-contact-organisation\">Hedwig-Dohm-Oberschulde<\/span><br>\n                      <span class=\"cmplz-contact-address\">Ste\u00adphan\u00adstra\u00ad\u00dfe&nbsp;27<br> 10559 Berlin<\/span><br>\n                      <span class=\"cmplz-contact-country\">Deutsch\u00adland<\/span><br>\n                      <span class=\"cmplz-contact-domain\">Web\u00adsite: <a href=\"https:\/\/hedwig-dohm-os.de\/01\">https:\/\/hedwig-dohm-os.de\/01<\/a><\/span><br>\n                      <span class=\"cmplz-contact-email\">E\u2011Mail: <span class=\"cmplz-obfuscate\">hdodohmos@<span class=\"cmplz-fmail-domain\">ex.com<\/span>gmai.com<\/span><\/span><br>\n                    <span class=\"cmplz-contact-telephone\">Tele\u00adfon\u00adnum\u00admer: 0304624642<\/span><\/p><p>Die\u00adse Cookie-Richtlinie wur\u00adde mit <a href=\"https:\/\/cookiedatabase.org\/\" target=\"_blank\">cookiedatabase.org<\/a> am 16. M\u00e4rz 2026 synchronisiert.<\/p><\/div>","protected":false},"excerpt":{"rendered":"","protected":false},"author":1,"featured_media":0,"parent":0,"menu_order":0,"comment_status":"closed","ping_status":"closed","template":"","meta":{"inline_featured_image":false,"wp_typography_post_enhancements_disabled":false,"advgb_blocks_editor_width":"","advgb_blocks_columns_visual_guide":"","footnotes":""},"class_list":["post-12599","page","type-page","status-publish","hentry"],"coauthors":[],"author_meta":{"author_link":"https:\/\/hedwig-dohm-os.de\/01\/author\/angelimudra\/","display_name":"admin"},"relative_dates":{"created":"Ver\u00f6ffentlicht 2\u00a0Monaten vor","modified":"Aktualisiert 2\u00a0Monaten vor"},"absolute_dates":{"created":"Ver\u00f6ffentlicht am 16. M\u00e4rz 2026","modified":"Aktualisiert am 16. M\u00e4rz 2026"},"absolute_dates_time":{"created":"Ver\u00f6ffentlicht am 16. M\u00e4rz 2026 11:46","modified":"Aktualisiert am 16. M\u00e4rz 2026 11:46"},"featured_img_caption":"","featured_img":false,"series_order":"","_links":{"self":[{"href":"https:\/\/hedwig-dohm-os.de\/01\/wp-json\/wp\/v2\/pages\/12599","targetHints":{"allow":["GET"]}}],"collection":[{"href":"https:\/\/hedwig-dohm-os.de\/01\/wp-json\/wp\/v2\/pages"}],"about":[{"href":"https:\/\/hedwig-dohm-os.de\/01\/wp-json\/wp\/v2\/types\/page"}],"author":[{"embeddable":true,"href":"https:\/\/hedwig-dohm-os.de\/01\/wp-json\/wp\/v2\/users\/1"}],"replies":[{"embeddable":true,"href":"https:\/\/hedwig-dohm-os.de\/01\/wp-json\/wp\/v2\/comments?post=12599"}],"version-history":[{"count":0,"href":"https:\/\/hedwig-dohm-os.de\/01\/wp-json\/wp\/v2\/pages\/12599\/revisions"}],"wp:attachment":[{"href":"https:\/\/hedwig-dohm-os.de\/01\/wp-json\/wp\/v2\/media?parent=12599"}],"curies":[{"name":"wp","href":"https:\/\/api.w.org\/{rel}","templated":true}]}}