{"id":12459,"date":"2026-02-05T13:24:13","date_gmt":"2026-02-05T13:24:13","guid":{"rendered":"https:\/\/hedwig-dohm-os.de\/01\/?page_id=12459"},"modified":"2026-02-05T13:57:11","modified_gmt":"2026-02-05T13:57:11","slug":"barrierefreiheit","status":"publish","type":"page","link":"https:\/\/hedwig-dohm-os.de\/01\/barrierefreiheit\/","title":{"rendered":"Erkl\u00e4rung zur Barrierefreiheit"},"content":{"rendered":"\n<p>Die Hedwig-Dohm-Oberschule ist bem\u00fcht, ihre Web\u00adsite <a><strong>https:\/\/hedwig-dohm-os.de<\/strong><\/a> bar\u00adrie\u00adre\u00adfrei zug\u00e4ng\u00adlich zu machen. Die\u00adse Erkl\u00e4\u00adrung zur Bar\u00adrie\u00adre\u00adfrei\u00adheit gilt f\u00fcr die Web\u00adsite <a>https:\/\/hedwig-dohm-os.de<\/a>.<\/p>\n\n\n\n<h2 class=\"wp-block-heading\">1. Stand der Vereinbarkeit mit den Anforderungen<\/h2>\n\n\n\n<p>Die\u00adse Web\u00adsite ist <strong>teil\u00adwei\u00adse ver\u00adein\u00adbar<\/strong> mit den Anfor\u00adde\u00adrun\u00adgen der Barrierefreien-Informationstechnik-Verordnung (BITV 2.0) sowie der EU-Richtlinie 2016\/2102 und den Web Con\u00adtent Acces\u00adsi\u00adbi\u00adli\u00adty Gui\u00adde\u00adlines (WCAG) 2.1 auf Kon\u00adfor\u00admi\u00adt\u00e4ts\u00adstu\u00adfe&nbsp;AA.<\/p>\n\n\n\n<p>Nicht bar\u00adrie\u00adre\u00adfreie Inhal\u00adte wer\u00adden nach\u00adfol\u00adgend aufgef\u00fchrt.<\/p>\n\n\n\n<h3 class=\"wp-block-heading\">2. Nicht barrierefreie Inhalte<\/h3>\n\n\n\n<p>Die nach\u00adste\u00adhend auf\u00adge\u00adf\u00fchr\u00adten Inhal\u00adte sind aus fol\u00adgen\u00adden Gr\u00fcn\u00adden nicht barrierefrei:<\/p>\n\n\n\n<h4 class=\"wp-block-heading\">2.1 Unvereinbarkeit mit den Barrierefreiheitsanforderungen<\/h4>\n\n\n\n<ul class=\"wp-block-list\">\n<li>Teil\u00adwei\u00adse feh\u00adlen\u00adde Alter\u00adna\u00adtiv\u00adtex\u00adte f\u00fcr Bil\u00adder und Grafiken<\/li>\n\n\n\n<li>Unzu\u00adrei\u00adchen\u00adde Farb\u00adkon\u00adtras\u00adte in ein\u00adzel\u00adnen Bereichen<\/li>\n\n\n\n<li>PDF-Dokumente sind teil\u00adwei\u00adse nicht bar\u00adrie\u00adre\u00adfrei erstellt<\/li>\n\n\n\n<li>Tas\u00adta\u00adtur\u00adna\u00advi\u00adga\u00adti\u00adon ist in ein\u00adzel\u00adnen Men\u00fcs und Wid\u00adgets eingeschr\u00e4nkt<\/li>\n\n\n\n<li>Ein\u00adge\u00adbun\u00adde\u00adne Inhal\u00adte von Dritt\u00adan\u00adbie\u00adtern (z. B. Kar\u00adten, Vide\u00ados) sind nicht voll\u00adst\u00e4n\u00addig barrierefrei<\/li>\n<\/ul>\n\n\n\n<h4 class=\"wp-block-heading\">2.2 Unverh\u00e4ltnism\u00e4\u00dfige Belastung<\/h4>\n\n\n\n<p>\u00c4lte\u00adre PDF-Dokumente und Archiv\u00adma\u00adte\u00adria\u00adli\u00aden vor dem Jahr 2020 wur\u00adden nicht bar\u00adrie\u00adre\u00adfrei erstellt und wer\u00adden aus Res\u00adsour\u00adcen\u00adgr\u00fcn\u00adden der\u00adzeit nicht voll\u00adst\u00e4n\u00addig nachbearbeitet.<\/p>\n\n\n\n<p><em>Wir arbei\u00adten kon\u00adti\u00adnu\u00adier\u00adlich dar\u00adan, die\u00adse Bar\u00adrie\u00adren im Rah\u00admen unse\u00adrer tech\u00adni\u00adschen M\u00f6g\u00adlich\u00adkei\u00adten abzubauen.<\/em><\/p>\n\n\n\n<h2 class=\"wp-block-heading\">3. Erstellung dieser Erkl\u00e4rung<\/h2>\n\n\n\n<p>Die\u00adse Erkl\u00e4\u00adrung wur\u00adde am&nbsp;<strong>05.02.2026<\/strong>&nbsp;erstellt. Die Bewer\u00adtung basiert auf einer Selbst\u00adbe\u00adwer\u00adtung. Die Erkl\u00e4\u00adrung wur\u00adde zuletzt am&nbsp;<strong>05.02.2026<\/strong>&nbsp;\u00fcberpr\u00fcft.<\/p>\n\n\n\n<h2 class=\"wp-block-heading\">4. Feedback und Kontaktangaben<\/h2>\n\n\n\n<p>Sind Ihnen M\u00e4n\u00adgel beim bar\u00adrie\u00adre\u00adfrei\u00aden Zugang zu Inhal\u00adten unse\u00adrer Web\u00adsei\u00adte auf\u00adge\u00adfal\u00adlen? Dann k\u00f6n\u00adnen Sie sich ger\u00adne bei uns melden:<\/p>\n\n\n\n<p><strong>Hedwig-Dohm-Oberschule<br>Ste\u00adphan\u00adstra\u00ad\u00dfe 27<br>10559 Ber\u00adlin<\/strong><br>Tele\u00adfon: (030) 383771 31<br>E\u2011Mail: 01k09@01k09.schule.berlin.de<\/p>\n\n\n\n<h2 class=\"wp-block-heading\">5. Schlichtungsverfahren<\/h2>\n\n\n\n<p>Wenn auch nach Ihrem Feed\u00adback an uns kei\u00adne zufrie\u00adden\u00adstel\u00adlen\u00adde L\u00f6sung gefun\u00adden wur\u00adde,<br>k\u00f6n\u00adnen Sie sich an die Schlich\u00adtungs\u00adstel\u00adle nach dem Behin\u00adder\u00adten\u00adgleich\u00adstel\u00adlungs\u00adge\u00adsetz (BGG) wen\u00adden.<br>Die Schlich\u00adtungs\u00adstel\u00adle hat die Auf\u00adga\u00adbe, Kon\u00adflik\u00adte zwi\u00adschen Men\u00adschen mit Behin\u00adde\u00adrun\u00adgen und \u00f6ffent\u00adli\u00adchen Stel\u00adlen au\u00dfer\u00adge\u00adricht\u00adlich beizulegen.<\/p>\n\n\n\n<p><strong>Schlich\u00adtungs\u00adstel\u00adle nach dem Behin\u00adder\u00adten\u00adgleich\u00adstel\u00adlungs\u00adge\u00adsetz (BGG)<\/strong><br>Mau\u00ader\u00adstra\u00ad\u00dfe 53<br>10117 Ber\u00adlin<br>Tele\u00adfon: +49 (0)30 18 527\u20112805<br>E\u2011Mail: info@schlichtungsstelle-bgg.de<br>Web\u00adsite: https:\/\/www.schlichtungsstelle-bgg.de<\/p>\n\n\n\n<h2 class=\"wp-block-heading\">6. Zust\u00e4ndige Aufsichtsbeh\u00f6rde (Berlin)<\/h2>\n\n\n\n<p>Alter\u00adna\u00adtiv k\u00f6n\u00adnen Sie sich an die Lan\u00addes\u00adbe\u00adauf\u00adtrag\u00adte f\u00fcr Men\u00adschen mit Behin\u00adde\u00adrun\u00adgen in Ber\u00adlin wenden:<\/p>\n\n\n\n<p><strong>Lan\u00addes\u00adbe\u00adauf\u00adtrag\u00adte f\u00fcr Men\u00adschen mit Behin\u00adde\u00adrun\u00adgen<\/strong><br>Ora\u00adni\u00aden\u00adstra\u00ad\u00dfe 106<br>10969 Ber\u00adlin<br>Web\u00adsite: https:\/\/www.berlin.de\/lb\/<\/p>\n\n\n\n<p><\/p>\n","protected":false},"excerpt":{"rendered":"<p>Die Hedwig-Dohm-Oberschule ist bem\u00fcht, ihre Web\u00adsite https:\/\/hedwig-dohm-os.de bar\u00adrie\u00adre\u00adfrei zug\u00e4ng\u00adlich zu machen. Die\u00adse Erkl\u00e4\u00adrung zur Bar\u00adrie\u00adre\u00adfrei\u00adheit gilt f\u00fcr die Web\u00adsite https:\/\/hedwig-dohm-os.de. 1. Stand der Ver\u00adein\u00adbar\u00adkeit mit den Anfor\u00adde\u00adrun\u00adgen Die\u00adse Web\u00adsite ist teil\u00adwei\u00adse ver\u00adein\u00adbar mit den Anfor\u00adde\u00adrun\u00adgen der Barrierefreien-Informationstechnik-Verordnung (BITV 2.0) sowie der EU-Richtlinie 2016\/2102 und den Web Con\u00adtent Acces\u00adsi\u00adbi\u00adli\u00adty Gui\u00adde\u00adlines (WCAG) 2.1 auf Kon\u00adfor\u00admi\u00adt\u00e4ts\u00adstu\u00adfe&nbsp;AA. Nicht barrierefreie<\/p>\n<p class=\"text-right\"><span class=\"screen-reader-text\">Wei\u00adter\u00adle\u00adsen \u2026 Erkl\u00e4\u00adrung zur Bar\u00adrie\u00adre\u00adfrei\u00adheit<\/span><a class=\"btn btn-secondary continue-reading\" href=\"https:\/\/hedwig-dohm-os.de\/01\/barrierefreiheit\/\">Wei\u00adter\u00adle\u00adsen \u2026<\/a><\/p>\n","protected":false},"author":1,"featured_media":0,"parent":0,"menu_order":0,"comment_status":"closed","ping_status":"closed","template":"","meta":{"inline_featured_image":false,"wp_typography_post_enhancements_disabled":false,"advgb_blocks_editor_width":"","advgb_blocks_columns_visual_guide":"","footnotes":""},"class_list":["post-12459","page","type-page","status-publish","hentry"],"coauthors":[],"author_meta":{"author_link":"https:\/\/hedwig-dohm-os.de\/01\/author\/angelimudra\/","display_name":"admin"},"relative_dates":{"created":"Ver\u00f6ffentlicht 3\u00a0Monaten vor","modified":"Aktualisiert 3\u00a0Monaten vor"},"absolute_dates":{"created":"Ver\u00f6ffentlicht am 5. Februar 2026","modified":"Aktualisiert am 5. Februar 2026"},"absolute_dates_time":{"created":"Ver\u00f6ffentlicht am 5. Februar 2026 13:24","modified":"Aktualisiert am 5. Februar 2026 13:57"},"featured_img_caption":"","featured_img":false,"series_order":"","_links":{"self":[{"href":"https:\/\/hedwig-dohm-os.de\/01\/wp-json\/wp\/v2\/pages\/12459","targetHints":{"allow":["GET"]}}],"collection":[{"href":"https:\/\/hedwig-dohm-os.de\/01\/wp-json\/wp\/v2\/pages"}],"about":[{"href":"https:\/\/hedwig-dohm-os.de\/01\/wp-json\/wp\/v2\/types\/page"}],"author":[{"embeddable":true,"href":"https:\/\/hedwig-dohm-os.de\/01\/wp-json\/wp\/v2\/users\/1"}],"replies":[{"embeddable":true,"href":"https:\/\/hedwig-dohm-os.de\/01\/wp-json\/wp\/v2\/comments?post=12459"}],"version-history":[{"count":4,"href":"https:\/\/hedwig-dohm-os.de\/01\/wp-json\/wp\/v2\/pages\/12459\/revisions"}],"predecessor-version":[{"id":12467,"href":"https:\/\/hedwig-dohm-os.de\/01\/wp-json\/wp\/v2\/pages\/12459\/revisions\/12467"}],"wp:attachment":[{"href":"https:\/\/hedwig-dohm-os.de\/01\/wp-json\/wp\/v2\/media?parent=12459"}],"curies":[{"name":"wp","href":"https:\/\/api.w.org\/{rel}","templated":true}]}}