{"id":11841,"date":"2024-04-18T19:53:21","date_gmt":"2024-04-18T19:53:21","guid":{"rendered":"https:\/\/hedwig-dohm-os.de\/01\/?page_id=11841"},"modified":"2024-04-18T21:21:11","modified_gmt":"2024-04-18T21:21:11","slug":"gewaltpraevention","status":"publish","type":"page","link":"https:\/\/hedwig-dohm-os.de\/01\/schuelerinnen\/gewaltpraevention\/","title":{"rendered":"Gewaltpr\u00e4vention"},"content":{"rendered":"\n<h3 class=\"wp-block-heading\" id=\"im-uberblick\">F\u00fcr eine Schule ohne Gewalt, ohne Gef\u00e4hrdung f\u00fcr sich selbst und andere!<\/h3>\n\n\n\n<div style=\"height:30px\" aria-hidden=\"true\" class=\"wp-block-spacer\"><\/div>\n\n\n\n<p>Wir m\u00fcs\u00adsen immer wie\u00adder dar\u00ad\u00fcber reden: Auf wel\u00adche Gewalt\u00adfor\u00admen k\u00f6n\u00adnen wir bei uns im Schul\u00adall\u00adtag sto\u00ad\u00dfen und was k\u00f6n\u00adnen wir dage\u00adgen&nbsp;tun?<\/p>\n\n\n\n<p>Wie k\u00f6n\u00adnen wir uns und ande\u00adre sch\u00fct\u00adzen? Auf die\u00adser Sei\u00adte kl\u00e4\u00adren wir \u00fcber Gef\u00e4hr\u00addun\u00adgen durch Gewalt\u00advor\u00adf\u00e4l\u00adle auf und auch dar\u00ad\u00fcber, was ihr tun k\u00f6nnt, wenn ihr damit in Ber\u00fch\u00adrung kommt. Wo bekommt ihr Hil\u00adfe? An wen soll\u00adtet ihr euch umge\u00adhend wenden?<\/p>\n\n\n\n<div style=\"height:89px\" aria-hidden=\"true\" class=\"wp-block-spacer\"><\/div>\n\n\n<div class=\"pt-cv-wrapper\"><div class=\"pt-cv-view pt-cv-scrollable pt-cv-colsys\" id=\"pt-cv-view-e3f494bh1w\"><div data-id=\"pt-cv-page-1\" class=\"pt-cv-page\" data-cvc=\"1\"><div id=\"dd4d1bc9hi\" class=\"pt-cv-carousel pt-cv-slide\" data-ride=\"cvcarousel\" data-interval=\"false\">\n<div class=\"carousel-inner\"><div class=\"item active\"><div class=\"row\"><div class=\"col-md-12 pt-cv-content-item pt-cv-1-col\"><div class=\"pt-cv-carousel-caption pt-cv-cap-wo-img\"><h2 class=\"pt-cv-title\"><a href=\"https:\/\/hedwig-dohm-os.de\/01\/hdo-news-druckfrisch-auf-die-hand-2\/\" class=\"_self\" target=\"_self\">Pilotentest<\/a><\/h2>\n<div class=\"pt-cv-content\">\n<div class=\"wp-block-advgb-columns advgb-columns-wrapper red-message\" id=\"advgb-cols-8c3f2a7e-d8c7-45e8-b9e0-224b5dfa8588\"><div class=\"advgb-columns-container\"><div class=\"advgb-columns advgb-columns-row advgb-is-mobile advgb-columns-2 layout-12-12 mbl-layout-stacked gutter-20 vgutter-10\">\n<div class=\"wp-block-advgb-column advgb-column\" id=\"advgb-col-952d14f8-37e0-4780-bec7-6c8d54be2f3e\"><div class=\"advgb-column-inner\" style=\"border-style:double;border-width:5px\">\n<h3 class=\"wp-block-heading\"><span style=\"color: #000000;\" class=\"stk-highlight\"><strong>Warnung vor dem Pilotentest<\/strong><\/span><\/h3>\n\n\n\n<p>Der Pilo\u00adten\u00adtest ist eine Mut\u00adpro\u00adbe, die nicht sel\u00adten mit dem Ret\u00adtungs\u00adwa\u00adgen ins Kran\u00adken\u00adhaus endet. In den ver\u00adgan\u00adge\u00adnen Jah\u00adren sind in Deutsch\u00adland auch Teen\u00adager gestor\u00adben, weil sie sich ver\u00adse\u00adhent\u00adlich stran\u00adgu\u00adliert haben. Bei W\u00fcr\u00adge\u00adspie\u00adlen wird die Durch\u00adblu\u00adtung des Gehirns stark ver\u00admin\u00addert und der Kick ent\u00adsteht dabei an der Gren\u00adze zur Ohn\u00admacht. Vide\u00ados kur\u00adsie\u00adren im Web und ani\u00admie\u00adren zum Nach\u00adah\u00admen. Die Risi\u00adken sind jedoch meist unbekannt.<\/p>\n\n\n\n<div style=\"height:74px\" aria-hidden=\"true\" class=\"wp-block-spacer\"><\/div>\n<\/div><\/div>\n\n\n\n<div class=\"wp-block-advgb-column advgb-column\" id=\"advgb-col-de3a7531-b0dd-4cc8-8a59-3f0616aad871\"><div class=\"advgb-column-inner\" style=\"border-style:double;border-width:5px\">\n<h3 class=\"wp-block-heading\"><span style=\"color: #000000;\" class=\"stk-highlight\"><strong>Gef\u00e4hrlichkeit<\/strong><\/span><\/h3>\n\n\n\n<p>Vie\u00adle Men\u00adschen wer\u00adden nicht nur kurz ohn\u00adm\u00e4ch\u00adtig, son\u00addern ver\u00adlie\u00adren ihr Bewusst\u00adsein. Wenn das Gehirn nicht rich\u00adtig ver\u00adsorgt wird, k\u00f6n\u00adnen blei\u00adben\u00adde Sch\u00e4\u00adden ent\u00adste\u00adhen.<br>Zum Einen kann man sich direkt beim Umfal\u00adlen ver\u00adlet\u00adzen. Dabei sind Platz\u00adwun\u00adden, Br\u00fc\u00adche oder sogar Gehirn\u00ader\u00adsch\u00fct\u00adte\u00adrun\u00adgen m\u00f6g\u00adlich. Zum Ande\u00adren kann man w\u00e4h\u00adrend der Bewusst\u00adlo\u00adsig\u00adkeit Sch\u00e4\u00adden am Gehirn und ande\u00adren Orga\u00adnen wegen der Unter\u00adver\u00adsor\u00adgung mit Sau\u00ader\u00adstoff erlei\u00adden. Lang\u00adfris\u00adtig k\u00f6n\u00adnen nach einer Min\u00adder\u00addurch\u00adblu\u00adtung Ner\u00adven\u00adzel\u00adlen gesch\u00e4\u00addigt wer\u00adden oder gar abster\u00adben. Es ist auch schon vor\u00adge\u00adkom\u00admen, dass Men\u00adschen im Koma lagen.<br>Des Wei\u00adte\u00adren kann es pas\u00adsie\u00adren, dass \u00c4der\u00adchen in der Nase plat\u00adzen und das Blut in den Rachen l\u00e4uft. Dabei kann man ersti\u00adcken und ist tot, wenn einem nicht schnell gehol\u00adfen&nbsp;wird.<\/p>\n<\/div><\/div>\n<\/div><\/div><\/div>\n\n\n\n<div style=\"height:2px\" aria-hidden=\"true\" class=\"wp-block-spacer\"><\/div>\n\n\n\n<div class=\"wp-block-advgb-columns advgb-columns-wrapper green-message\" id=\"advgb-cols-e8bdde35-762d-4fa4-b2db-1238b56705df\"><div class=\"advgb-columns-container\"><div class=\"advgb-columns advgb-columns-row advgb-is-mobile advgb-columns-2 layout-23-13 mbl-layout-stacked gutter-20 vgutter-10\">\n<div class=\"wp-block-advgb-column advgb-column\" id=\"advgb-col-a67935c1-9996-4328-875e-cff22b13d852\"><div class=\"advgb-column-inner\" style=\"border-style:double;border-width:5px\">\n<h3 class=\"wp-block-heading\"><strong><span style=\"color: #000000;\" class=\"stk-highlight\">Verhalten<\/span><\/strong><\/h3>\n\n\n\n<p>Der Pilo\u00adten\u00adtest ist kein Spa\u00df! Ver\u00adsu\u00adche ihn auf jeden Fall zu vermeiden:<\/p>\n\n\n\n<ul class=\"wp-block-list\">\n<li>Mache nicht mit, wenn dich jemand dazu auffordert.<\/li>\n\n\n\n<li>Hal\u00adte ande\u00adre ab und sage, dass es sehr gef\u00e4hr\u00adlich&nbsp;ist.<\/li>\n\n\n\n<li>Hole schnell eine Lehr\u00adkraft. Es ist kein Pet\u00adzen, son\u00addern Zivilcourage!<\/li>\n<\/ul>\n<\/div><\/div>\n\n\n\n<div class=\"wp-block-advgb-column advgb-column\" id=\"advgb-col-292bd4ae-a065-4b8d-9010-71bbda166e48\"><div class=\"advgb-column-inner\" style=\"border-style:none;border-width:1px\">\n<figure class=\"wp-block-image size-large\"><img loading=\"lazy\" decoding=\"async\" width=\"1440\" height=\"1541\" src=\"https:\/\/hedwig-dohm-os.de\/wp-content\/uploads\/2024\/04\/nothanks-circle.svg\" alt class=\"wp-image-11859\"><\/figure>\n<\/div><\/div>\n<\/div><\/div><\/div>\n\n\n\n<p><\/p>\n\n\n\n<p><\/p>\n\n\n\n<div style=\"height:20px\" aria-hidden=\"true\" class=\"wp-block-spacer\"><\/div>\n\n\n\n<div class=\"wp-block-stackable-separator alignfull stk-block-separator stk--no-padding stk-block stk-890db57\" data-block-id=\"890db57\"><div class=\"stk-block-separator__inner\"><svg viewBox=\"0 0 1600 200\" class=\"stk-separator__layer-1\" preserveAspectRatio=\"none\" aria-hidden=\"true\"><path class=\"wave-1_svg__st2\" d=\"M1341.4 48.9c-182.4 0-254.2 80.4-429.4 80.4-117.8 0-209.7-67.5-393.5-67.5-142.2 0-212.6 38.8-324.6 38.8S-10 64.7-10 64.7V210h1620V102c-110.6-40.2-181-53.1-268.6-53.1z\" \/><\/svg><\/div><\/div>\n<style class=\"advgb-styles-renderer\">#advgb-col-952d14f8-37e0-4780-bec7-6c8d54be2f3e>.advgb-column-inner{padding-top:20px;padding-right:20px;padding-bottom:20px;padding-left:20px;}@media screen and (max-width: 1023px) {#advgb-col-952d14f8-37e0-4780-bec7-6c8d54be2f3e>.advgb-column-inner{}}@media screen and (max-width: 767px) {#advgb-col-952d14f8-37e0-4780-bec7-6c8d54be2f3e>.advgb-column-inner{}}#advgb-col-de3a7531-b0dd-4cc8-8a59-3f0616aad871>.advgb-column-inner{padding-top:20px;padding-right:20px;padding-bottom:20px;padding-left:20px;}@media screen and (max-width: 1023px) {#advgb-col-de3a7531-b0dd-4cc8-8a59-3f0616aad871>.advgb-column-inner{}}@media screen and (max-width: 767px) {#advgb-col-de3a7531-b0dd-4cc8-8a59-3f0616aad871>.advgb-column-inner{}}#advgb-cols-8c3f2a7e-d8c7-45e8-b9e0-224b5dfa8588{padding-top:20px;padding-right:20px;padding-bottom:20px;padding-left:20px;}@media screen and (max-width: 1023px) {#advgb-cols-8c3f2a7e-d8c7-45e8-b9e0-224b5dfa8588{}}@media screen and (max-width: 767px) {#advgb-cols-8c3f2a7e-d8c7-45e8-b9e0-224b5dfa8588{}}#advgb-col-952d14f8-37e0-4780-bec7-6c8d54be2f3e>.advgb-column-inner{padding-top:20px;padding-right:20px;padding-bottom:20px;padding-left:20px;}@media screen and (max-width: 1023px) {#advgb-col-952d14f8-37e0-4780-bec7-6c8d54be2f3e>.advgb-column-inner{}}@media screen and (max-width: 767px) {#advgb-col-952d14f8-37e0-4780-bec7-6c8d54be2f3e>.advgb-column-inner{}}#advgb-col-de3a7531-b0dd-4cc8-8a59-3f0616aad871>.advgb-column-inner{padding-top:20px;padding-right:20px;padding-bottom:20px;padding-left:20px;}@media screen and (max-width: 1023px) {#advgb-col-de3a7531-b0dd-4cc8-8a59-3f0616aad871>.advgb-column-inner{}}@media screen and (max-width: 767px) {#advgb-col-de3a7531-b0dd-4cc8-8a59-3f0616aad871>.advgb-column-inner{}}#advgb-col-a67935c1-9996-4328-875e-cff22b13d852>.advgb-column-inner{padding-top:20px;padding-right:20px;padding-bottom:20px;padding-left:20px;}@media screen and (max-width: 1023px) {#advgb-col-a67935c1-9996-4328-875e-cff22b13d852>.advgb-column-inner{}}@media screen and (max-width: 767px) {#advgb-col-a67935c1-9996-4328-875e-cff22b13d852>.advgb-column-inner{}}#advgb-col-292bd4ae-a065-4b8d-9010-71bbda166e48>.advgb-column-inner{}@media screen and (max-width: 1023px) {#advgb-col-292bd4ae-a065-4b8d-9010-71bbda166e48>.advgb-column-inner{}}@media screen and (max-width: 767px) {#advgb-col-292bd4ae-a065-4b8d-9010-71bbda166e48>.advgb-column-inner{}}#advgb-cols-e8bdde35-762d-4fa4-b2db-1238b56705df{padding-top:20px;padding-right:20px;padding-bottom:20px;padding-left:20px;}@media screen and (max-width: 1023px) {#advgb-cols-e8bdde35-762d-4fa4-b2db-1238b56705df{}}@media screen and (max-width: 767px) {#advgb-cols-e8bdde35-762d-4fa4-b2db-1238b56705df{}}#advgb-col-a67935c1-9996-4328-875e-cff22b13d852>.advgb-column-inner{padding-top:20px;padding-right:20px;padding-bottom:20px;padding-left:20px;}@media screen and (max-width: 1023px) {#advgb-col-a67935c1-9996-4328-875e-cff22b13d852>.advgb-column-inner{}}@media screen and (max-width: 767px) {#advgb-col-a67935c1-9996-4328-875e-cff22b13d852>.advgb-column-inner{}}#advgb-col-292bd4ae-a065-4b8d-9010-71bbda166e48>.advgb-column-inner{}@media screen and (max-width: 1023px) {#advgb-col-292bd4ae-a065-4b8d-9010-71bbda166e48>.advgb-column-inner{}}@media screen and (max-width: 767px) {#advgb-col-292bd4ae-a065-4b8d-9010-71bbda166e48>.advgb-column-inner{}}<\/style><\/div><\/div><\/div><\/div><\/div><\/div>\n<\/div><\/div><\/div><\/div>\n\n\n\n<div style=\"height:30px\" aria-hidden=\"true\" class=\"wp-block-spacer\"><\/div>\n\n\n\n<div style=\"height:20px\" aria-hidden=\"true\" class=\"wp-block-spacer telefonzoom\"><\/div>\n\n\n\n<div style=\"height:20px\" aria-hidden=\"true\" class=\"wp-block-spacer telefonzoom\"><\/div>\n\n\n\n<div style=\"height:20px\" aria-hidden=\"true\" class=\"wp-block-spacer telefonzoom\"><\/div>\n\n\n\n<p><\/p>\n","protected":false},"excerpt":{"rendered":"<p>F\u00fcr eine Schu\u00adle ohne Gewalt, ohne Gef\u00e4hr\u00addung f\u00fcr sich selbst und ande\u00adre! Wir m\u00fcs\u00adsen immer wie\u00adder dar\u00ad\u00fcber reden: Auf wel\u00adche Gewalt\u00adfor\u00admen k\u00f6n\u00adnen wir bei uns im Schul\u00adall\u00adtag sto\u00ad\u00dfen und was k\u00f6n\u00adnen wir dage\u00adgen&nbsp;tun? Wie k\u00f6n\u00adnen wir uns und ande\u00adre sch\u00fct\u00adzen? Auf die\u00adser Sei\u00adte kl\u00e4\u00adren wir \u00fcber Gef\u00e4hr\u00addun\u00adgen durch Gewalt\u00advor\u00adf\u00e4l\u00adle auf und auch dar\u00ad\u00fcber, was&nbsp;ihr<\/p>\n<p class=\"text-right\"><span class=\"screen-reader-text\">Wei\u00adter\u00adle\u00adsen \u2026 Gewalt\u00adpr\u00e4\u00adven\u00adti\u00adon<\/span><a class=\"btn btn-secondary continue-reading\" href=\"https:\/\/hedwig-dohm-os.de\/01\/schuelerinnen\/gewaltpraevention\/\">Wei\u00adter\u00adle\u00adsen \u2026<\/a><\/p>\n","protected":false},"author":1,"featured_media":11859,"parent":67,"menu_order":0,"comment_status":"closed","ping_status":"closed","template":"","meta":{"inline_featured_image":false,"wp_typography_post_enhancements_disabled":false,"advgb_blocks_editor_width":"","advgb_blocks_columns_visual_guide":"","footnotes":""},"class_list":["post-11841","page","type-page","status-publish","has-post-thumbnail","hentry"],"coauthors":[],"author_meta":{"author_link":"https:\/\/hedwig-dohm-os.de\/01\/author\/angelimudra\/","display_name":"admin"},"relative_dates":{"created":"Ver\u00f6ffentlicht 2\u00a0Jahren vor","modified":"Aktualisiert 2\u00a0Jahren vor"},"absolute_dates":{"created":"Ver\u00f6ffentlicht am 18. April 2024","modified":"Aktualisiert am 18. April 2024"},"absolute_dates_time":{"created":"Ver\u00f6ffentlicht am 18. April 2024 19:53","modified":"Aktualisiert am 18. April 2024 21:21"},"featured_img_caption":"","featured_img":"https:\/\/hedwig-dohm-os.de\/wp-content\/uploads\/2024\/04\/nothanks-circle.svg","series_order":"","_links":{"self":[{"href":"https:\/\/hedwig-dohm-os.de\/01\/wp-json\/wp\/v2\/pages\/11841","targetHints":{"allow":["GET"]}}],"collection":[{"href":"https:\/\/hedwig-dohm-os.de\/01\/wp-json\/wp\/v2\/pages"}],"about":[{"href":"https:\/\/hedwig-dohm-os.de\/01\/wp-json\/wp\/v2\/types\/page"}],"author":[{"embeddable":true,"href":"https:\/\/hedwig-dohm-os.de\/01\/wp-json\/wp\/v2\/users\/1"}],"replies":[{"embeddable":true,"href":"https:\/\/hedwig-dohm-os.de\/01\/wp-json\/wp\/v2\/comments?post=11841"}],"version-history":[{"count":0,"href":"https:\/\/hedwig-dohm-os.de\/01\/wp-json\/wp\/v2\/pages\/11841\/revisions"}],"up":[{"embeddable":true,"href":"https:\/\/hedwig-dohm-os.de\/01\/wp-json\/wp\/v2\/pages\/67"}],"wp:featuredmedia":[{"embeddable":true,"href":"https:\/\/hedwig-dohm-os.de\/01\/wp-json\/wp\/v2\/media\/11859"}],"wp:attachment":[{"href":"https:\/\/hedwig-dohm-os.de\/01\/wp-json\/wp\/v2\/media?parent=11841"}],"curies":[{"name":"wp","href":"https:\/\/api.w.org\/{rel}","templated":true}]}}